{"id":27905,"date":"2024-09-23T01:24:17","date_gmt":"2024-09-23T01:24:17","guid":{"rendered":"https:\/\/products.kuwaitpos.com\/?post_type=product&#038;p=27905"},"modified":"2025-02-04T13:36:17","modified_gmt":"2025-02-04T13:36:17","slug":"huawei-freebuds-5","status":"publish","type":"product","link":"https:\/\/products.kuwaitpos.com\/ar\/product\/huawei-freebuds-5\/","title":{"rendered":"\u0633\u0645\u0627\u0639\u0627\u062a \u0647\u0648\u0627\u0648\u064a \u0641\u0631\u064a \u0628\u0648\u062f\u0632 5"},"content":{"rendered":"<ul>\n<li>Futuristic streamlined design with seamless curves<\/li>\n<li>New dual magnetic circuit dynamic driver with aerodynamic sound pressure<\/li>\n<li>enhancement technology for punchy bass<\/li>\n<li>The in-ear microphone detects the sound quality in real time and adjusts the sound according to your ear shape, wearing status and volume for optimal sound<\/li>\n<li>Comfortable open-fit ANC for immersive listening<\/li>\n<\/ul>\n<div class=\"col-span-full\">\n<h3 class=\"typography-decorative-bold mb-10 text-8xl\">Product Specifications<\/h3>\n<\/div>\n<div class=\"col-span-full\">\n<h5 class=\"mb-4\">Information on HUAWEI FreeBuds 5 Honey-T10 &#8211; Ceramic White<\/h5>\n<div class=\"flex flex-col sm:mx-0\">\n<table class=\"min-w-full\">\n<tbody>\n<tr class=\"border-b border-b-gray-300 flex flex-row\">\n<td class=\"typography-default flex-1 px-5 py-4 align-top first:typography-default-strong\">Article Number<\/td>\n<td class=\"typography-default flex-1 px-5 py-4 align-top first:typography-default-strong\">651520<\/td>\n<\/tr>\n<tr class=\"border-b border-b-gray-300 flex flex-row\">\n<td class=\"typography-default flex-1 px-5 py-4 align-top first:typography-default-strong\">Model Number<\/td>\n<td class=\"typography-default flex-1 px-5 py-4 align-top first:typography-default-strong\">HONEY-T10<\/td>\n<\/tr>\n<tr class=\"border-b border-b-gray-300 flex flex-row\">\n<td class=\"typography-default flex-1 px-5 py-4 align-top first:typography-default-strong\">\u0645\u0627\u0631\u0643\u0629<\/td>\n<td class=\"typography-default flex-1 px-5 py-4 align-top first:typography-default-strong\">\u0647\u0648\u0627\u0648\u064a<\/td>\n<\/tr>\n<tr class=\"border-b border-b-gray-300 flex flex-row\">\n<td class=\"typography-default flex-1 px-5 py-4 align-top first:typography-default-strong\">Compatibility<\/td>\n<td class=\"typography-default flex-1 px-5 py-4 align-top first:typography-default-strong\">40mm Apple Watch<\/td>\n<\/tr>\n<tr class=\"border-b border-b-gray-300 flex flex-row\">\n<td class=\"typography-default flex-1 px-5 py-4 align-top first:typography-default-strong\">Connection Details<\/td>\n<td class=\"typography-default flex-1 px-5 py-4 align-top first:typography-default-strong\">Bluetooth 5.2<\/td>\n<\/tr>\n<tr class=\"border-b border-b-gray-300 flex flex-row\">\n<td class=\"typography-default flex-1 px-5 py-4 align-top first:typography-default-strong\">Connection<\/td>\n<td class=\"typography-default flex-1 px-5 py-4 align-top first:typography-default-strong\">\u0644\u0627\u0633\u0644\u0643\u064a<\/td>\n<\/tr>\n<tr class=\"border-b border-b-gray-300 flex flex-row\">\n<td class=\"typography-default flex-1 px-5 py-4 align-top first:typography-default-strong\">\u0623\u0628\u0639\u0627\u062f<\/td>\n<td class=\"typography-default flex-1 px-5 py-4 align-top first:typography-default-strong\">100x100x100 MM<\/td>\n<\/tr>\n<tr class=\"border-b border-b-gray-300 flex flex-row\">\n<td class=\"typography-default flex-1 px-5 py-4 align-top first:typography-default-strong\">Accessory For<\/td>\n<td class=\"typography-default flex-1 px-5 py-4 align-top first:typography-default-strong\">Phones<\/td>\n<\/tr>\n<tr class=\"border-b border-b-gray-300 flex flex-row\">\n<td class=\"typography-default flex-1 px-5 py-4 align-top first:typography-default-strong\">Frequency Response<\/td>\n<td class=\"typography-default flex-1 px-5 py-4 align-top first:typography-default-strong\">16 Hz to 40 kHz<\/td>\n<\/tr>\n<tr class=\"border-b border-b-gray-300 flex flex-row\">\n<td class=\"typography-default flex-1 px-5 py-4 align-top first:typography-default-strong\">In the Box<\/td>\n<td class=\"typography-default flex-1 px-5 py-4 align-top first:typography-default-strong\">Earbud \u00d7 2 (left and right), Charging case \u00d7 1, USB Type-C charging cable \u00d7 1<\/td>\n<\/tr>\n<\/tbody>\n<\/table>\n<\/div>\n<\/div>","protected":false},"excerpt":{"rendered":"<p>Huawei FreeBuds 5 (Honey-T10) in Ceramic White feature a futuristic streamlined design with dual magnetic circuit dynamic drivers and aerodynamic sound pressure enhancement for punchy bass. The in-ear microphone adjusts sound in real time for optimal audio quality, providing a comfortable open-fit ANC for immersive listening. Compatible with 40mm Apple Watch and Bluetooth 5.2.<\/p>","protected":false},"featured_media":27910,"comment_status":"open","ping_status":"closed","template":"","meta":[],"product_brand":[],"product_cat":[1212],"product_tag":[426],"class_list":{"0":"post-27905","1":"product","2":"type-product","3":"status-publish","4":"has-post-thumbnail","6":"product_cat-electronic-devices-accessories","7":"product_tag-huawei","9":"first","10":"instock","11":"sale","12":"shipping-taxable","13":"purchasable","14":"product-type-simple"},"_links":{"self":[{"href":"https:\/\/products.kuwaitpos.com\/ar\/wp-json\/wp\/v2\/product\/27905","targetHints":{"allow":["GET"]}}],"collection":[{"href":"https:\/\/products.kuwaitpos.com\/ar\/wp-json\/wp\/v2\/product"}],"about":[{"href":"https:\/\/products.kuwaitpos.com\/ar\/wp-json\/wp\/v2\/types\/product"}],"replies":[{"embeddable":true,"href":"https:\/\/products.kuwaitpos.com\/ar\/wp-json\/wp\/v2\/comments?post=27905"}],"version-history":[{"count":2,"href":"https:\/\/products.kuwaitpos.com\/ar\/wp-json\/wp\/v2\/product\/27905\/revisions"}],"predecessor-version":[{"id":28925,"href":"https:\/\/products.kuwaitpos.com\/ar\/wp-json\/wp\/v2\/product\/27905\/revisions\/28925"}],"wp:featuredmedia":[{"embeddable":true,"href":"https:\/\/products.kuwaitpos.com\/ar\/wp-json\/wp\/v2\/media\/27910"}],"wp:attachment":[{"href":"https:\/\/products.kuwaitpos.com\/ar\/wp-json\/wp\/v2\/media?parent=27905"}],"wp:term":[{"taxonomy":"product_brand","embeddable":true,"href":"https:\/\/products.kuwaitpos.com\/ar\/wp-json\/wp\/v2\/product_brand?post=27905"},{"taxonomy":"product_cat","embeddable":true,"href":"https:\/\/products.kuwaitpos.com\/ar\/wp-json\/wp\/v2\/product_cat?post=27905"},{"taxonomy":"product_tag","embeddable":true,"href":"https:\/\/products.kuwaitpos.com\/ar\/wp-json\/wp\/v2\/product_tag?post=27905"}],"curies":[{"name":"wp","href":"https:\/\/api.w.org\/{rel}","templated":true}]}}