{"id":27608,"date":"2024-09-17T10:03:15","date_gmt":"2024-09-17T10:03:15","guid":{"rendered":"https:\/\/products.kuwaitpos.com\/?post_type=product&#038;p=27608"},"modified":"2025-02-04T13:36:04","modified_gmt":"2025-02-04T13:36:04","slug":"8-channel-hikvision-full-hd1080-dvr-ds-7208hqhi-k1turbo-hd-4-0-2","status":"publish","type":"product","link":"https:\/\/products.kuwaitpos.com\/ar\/product\/8-channel-hikvision-full-hd1080-dvr-ds-7208hqhi-k1turbo-hd-4-0-2\/","title":{"rendered":"\u062c\u0647\u0627\u0632 \u062a\u0633\u062c\u064a\u0644 \u0641\u064a\u062f\u064a\u0648 \u0631\u0642\u0645\u064a Hikvision Full HD1080 \u0631\u0628\u0627\u0639\u064a \u0627\u0644\u0642\u0646\u0648\u0627\u062a DS-7204HQHI-K1 (Turbo HD 4.0)"},"content":{"rendered":"<p>DS-7204\/7208\/7216HQHI-K1<\/p>\n<p>Turbo HD DVR<\/p>\n<p>\u2022H.265 Pro+\/H.265 Pro\/H.265\/H.264+\/H.264\u00a0encoding for the main stream, and H.265\/H.264 for the sub-stream of analog cameras<\/p>\n<p>\u2022 Self-adaptive HDTVI\/HDCVI\/AHD\/CVBS signal input<\/p>\n<p>\u2022 Connectable to H.265+\/H.265\/H.264+\/H.264 IP cameras<\/p>\n<p>\u2022 Up to 4MP lite resolution for recording<\/p>\n<p>\u2022 HDMI output at up to 4K (3840 \u00d7 2160) resolution for DS-7216HQHI-K1<\/p>\n<p>\u2022 Long distance transmission over UTP and coaxial cable<\/p>\n<p>\u2022 4\/8\/16-ch synchronous playback<\/p>\n<p>&nbsp;<\/p>\n<table>\n<tbody>\n<tr>\n<th colspan=\"3\">Video\/Audio Input<\/th>\n<\/tr>\n<tr>\n<td class=\"td1\">Audio Input:<\/td>\n<td class=\"td2\"><\/td>\n<td>1-ch<\/td>\n<\/tr>\n<tr>\n<td class=\"td1\">Video Compression:<\/td>\n<td class=\"td2\"><\/td>\n<td>H.265 Pro+\/H.265 Pro\/H.265\/H.264+\/H.264<\/td>\n<\/tr>\n<tr>\n<td class=\"td1\">Analog and HD-TVI video input:<\/td>\n<td class=\"td2\"><\/td>\n<td>4-ch,BNC interface (1.0Vp-p, 75 \u03a9)connection<\/td>\n<\/tr>\n<tr>\n<td class=\"td1\">Supported camera types:<\/td>\n<td class=\"td2\"><\/td>\n<td>4 MP, 3 MP, 1080p30, 1080p25, 720p60, 720p50, 720p30, 720p25<\/p>\n<p>Note: The 3 MP signal input is only available for channel 1 of DS-7204HQHI-K1, for channel 1\/2of DS-7208HQHI-K1, and for channel 1\/2\/3\/4 of DS-7216HQHI-K1.<\/p>\n<p>Support AHD input: 4 MP, 1080p25, 1080p30, 720p25, 720p30<\/p>\n<p>Support CVI input:4 MP, 1080p25, 1080p30, 720p25, 720p30<\/p>\n<p>Support CVBS input<\/td>\n<\/tr>\n<tr>\n<td class=\"td1\">Video Input Interface:<\/td>\n<td class=\"td2\"><\/td>\n<td>BNC (1.0 Vp-p, 75\u03a9)<\/td>\n<\/tr>\n<tr>\n<td class=\"td1\">Audio Compression:<\/td>\n<td class=\"td2\"><\/td>\n<td>G.711u<\/td>\n<\/tr>\n<tr>\n<td class=\"td1\">Audio Input Interface:<\/td>\n<td class=\"td2\"><\/td>\n<td>RCA (2.0 Vp-p, 1 k\u03a9)<\/td>\n<\/tr>\n<tr>\n<td class=\"td1\">Two-way Audio:<\/td>\n<td class=\"td2\"><\/td>\n<td>1-ch, RCA (2.0 Vp-p, 1 K\u03a9), (using the 1st channel of audio input)<\/td>\n<\/tr>\n<\/tbody>\n<\/table>\n<div class=\"parameter-table\">\n<table>\n<tbody>\n<tr>\n<th colspan=\"3\">Video\/Audio Output<\/th>\n<\/tr>\n<tr>\n<td class=\"td1\">HDMI\/VGA Output:<\/td>\n<td class=\"td2\"><\/td>\n<td>1920 \u00d7 1080 \/ 60 Hz,1280 \u00d7 1024 \/ 60 Hz, 1280 \u00d7 720 \/ 60 Hz, 1024 \u00d7 768 \/ 60 Hz<\/td>\n<\/tr>\n<tr>\n<td class=\"td1\">Recording resolution:<\/td>\n<td class=\"td2\"><\/td>\n<td>When 1080p Lite mode not enabled:<\/p>\n<p>4 MP lite\/3 MP\/1080p\/1080p lite\/720p\/WD1\/4CIF\/VGA\/CIF<\/p>\n<p>When 1080p Lite mode enabled:<\/p>\n<p>4 MP lite\/3 MP\/1080p lite\/720p\/720p lite\/WD1\/4CIF\/VGA\/CIF<\/td>\n<\/tr>\n<tr>\n<td class=\"td1\">Frame Rate:<\/td>\n<td class=\"td2\"><\/td>\n<td>Main stream:<\/p>\n<p>When 1080p Lite mode not enabled:<\/p>\n<p>For 4 MP stream access: 4 MP lite@15fps; 1080p lite\/720p\/WD1\/4CIF\/VGA\/CIF@25fps<\/p>\n<p>(P)\/30fps (N)<\/p>\n<p>For 3 MP stream access: 3 MP\/1080p\/720p\/VGA\/WD1\/4CIF\/CIF@15fps<\/p>\n<p>For 1080p stream access: 1080p@15fps; 720p\/VGA\/WD1\/4CIF\/CIF@25fps (P)\/30fps (N)<\/p>\n<p>For 720p stream access: 720p\/VGA\/WD1\/4CIF\/CIF@25fps (P)\/30fps (N)<\/p>\n<p>When 1080p Lite mode enabled:<\/p>\n<p>4 MP lite\/3 MP@15fps; 1080p lite\/720p lite\/VGA\/WD1\/4CIF\/CIF@25fps (P)\/30fps (N)<\/td>\n<\/tr>\n<tr>\n<td class=\"td1\">Video Bit Rate:<\/td>\n<td class=\"td2\"><\/td>\n<td>32 Kbps-6 Mbps<\/td>\n<\/tr>\n<tr>\n<td class=\"td1\">Stream Type:<\/td>\n<td class=\"td2\"><\/td>\n<td>Video\/Video&amp;Audio<\/td>\n<\/tr>\n<tr>\n<td class=\"td1\">Two-way Audio:<\/td>\n<td class=\"td2\"><\/td>\n<td>1-ch, RCA (2.0 Vp-p, 1 k\u03a9) (using the audio input)<\/td>\n<\/tr>\n<tr>\n<td class=\"td1\">Audio Output:<\/td>\n<td class=\"td2\"><\/td>\n<td>1-ch RCA(Linear, 1k\u03a9)<\/td>\n<\/tr>\n<tr>\n<td class=\"td1\">Audio Bit Rate:<\/td>\n<td class=\"td2\"><\/td>\n<td>64kbps<\/td>\n<\/tr>\n<tr>\n<td class=\"td1\">Dual Stream:<\/td>\n<td class=\"td2\"><\/td>\n<td>Support<\/td>\n<\/tr>\n<tr>\n<td class=\"td1\">Synchronous Playback:<\/td>\n<td class=\"td2\"><\/td>\n<td>4-ch<\/td>\n<\/tr>\n<\/tbody>\n<\/table>\n<\/div>\n<div class=\"parameter-table\">\n<table>\n<tbody>\n<tr>\n<th colspan=\"3\">Network management<\/th>\n<\/tr>\n<tr>\n<td class=\"td1\">Remote connections:<\/td>\n<td class=\"td2\"><\/td>\n<td>32<\/td>\n<\/tr>\n<tr>\n<td class=\"td1\">Network protocols:<\/td>\n<td class=\"td2\"><\/td>\n<td>TCP\/IP, PPPoE, DHCP, Hik-connect Cloud P2P,DNS, DDNS, NTP, SADP, NFS, iSCSI, UPnP?, HTTPS,ONVIF<\/td>\n<\/tr>\n<\/tbody>\n<\/table>\n<\/div>\n<div class=\"parameter-table\">\n<table>\n<tbody>\n<tr>\n<th colspan=\"3\">Hard Disk Driver<\/th>\n<\/tr>\n<tr>\n<td class=\"td1\">Interface Type:<\/td>\n<td class=\"td2\"><\/td>\n<td>1 SATA Interface<\/td>\n<\/tr>\n<tr>\n<td class=\"td1\">Capacity:<\/td>\n<td class=\"td2\"><\/td>\n<td>Up to 10 TB capacity for each disk<\/td>\n<\/tr>\n<\/tbody>\n<\/table>\n<\/div>\n<div class=\"parameter-table\">\n<table>\n<tbody>\n<tr>\n<th colspan=\"3\">External Interface<\/th>\n<\/tr>\n<tr>\n<td class=\"td1\">Network Interface:<\/td>\n<td class=\"td2\"><\/td>\n<td>1; 10M \/ 100M self-adaptive Ethernet interface<\/td>\n<\/tr>\n<tr>\n<td class=\"td1\">USB Interface:<\/td>\n<td class=\"td2\"><\/td>\n<td>2 USB 2.0 Interfaces<\/td>\n<\/tr>\n<tr>\n<td class=\"td1\">Serial Interface:<\/td>\n<td class=\"td2\"><\/td>\n<td>1; standard RS-485 serial interface, half-duplex<\/td>\n<\/tr>\n<\/tbody>\n<\/table>\n<\/div>\n<div class=\"parameter-table\">\n<table>\n<tbody>\n<tr>\n<th colspan=\"3\">\u0639\u0627\u0645<\/th>\n<\/tr>\n<tr>\n<td class=\"td1\">\u0645\u0632\u0648\u062f \u0627\u0644\u0637\u0627\u0642\u0629:<\/td>\n<td class=\"td2\"><\/td>\n<td>12V DC<\/td>\n<\/tr>\n<tr>\n<td class=\"td1\">Consumption:<\/td>\n<td class=\"td2\"><\/td>\n<td>\u2264 6W(without hard disks)<\/td>\n<\/tr>\n<tr>\n<td class=\"td1\">Working Temperature:<\/td>\n<td class=\"td2\"><\/td>\n<td>-10 oC to +55 oC (14 oF to 131 oF)<\/td>\n<\/tr>\n<tr>\n<td class=\"td1\">Working Humidity:<\/td>\n<td class=\"td2\"><\/td>\n<td>10% to 90%<\/td>\n<\/tr>\n<tr>\n<td class=\"td1\">\u0623\u0628\u0639\u0627\u062f:<\/td>\n<td class=\"td2\"><\/td>\n<td>315 \u00d7 242 \u00d7 45 mm (12.4 \u00d7 9.5 \u00d7 1.8 inch)<\/td>\n<\/tr>\n<tr>\n<td class=\"td1\">\u0648\u0632\u0646:<\/td>\n<td class=\"td2\"><\/td>\n<td>\u2264 1.16 kg (2.6 lb)<\/td>\n<\/tr>\n<\/tbody>\n<\/table>\n<\/div>","protected":false},"excerpt":{"rendered":"<h4 style=\"text-align: left\"><strong><span style=\"color: #ff0000\">\u0627\u062a\u0635\u0644 \u0644\u0644\u062d\u0635\u0648\u0644 \u0639\u0644\u0649 \u0627\u0644\u0633\u0639\u0631<\/span><\/strong><\/h4>\n<p>The DS-7204\/7208\/7216HQHI-K1 Turbo HD DVR offers efficient H.265+\/H.265 video compression, adaptable analog camera signal input (HDTVI, HDCVI, AHD, CVBS), and up to 4MP lite recording resolution. With support for 4K HDMI output, long-distance transmission over coaxial cables, and 4\/8\/16-channel synchronous playback, it\u2019s ideal for scalable security solutions. Network management includes support for up to 32 remote connections and various protocols like TCP\/IP, PPPoE, and ONVIF.<\/p>","protected":false},"featured_media":27603,"comment_status":"open","ping_status":"closed","template":"","meta":[],"product_brand":[],"product_cat":[1221],"product_tag":[522],"class_list":{"0":"post-27608","1":"product","2":"type-product","3":"status-publish","4":"has-post-thumbnail","6":"product_cat-cctv","7":"product_tag-hikvision","9":"first","10":"instock","11":"shipping-taxable","12":"product-type-simple"},"_links":{"self":[{"href":"https:\/\/products.kuwaitpos.com\/ar\/wp-json\/wp\/v2\/product\/27608","targetHints":{"allow":["GET"]}}],"collection":[{"href":"https:\/\/products.kuwaitpos.com\/ar\/wp-json\/wp\/v2\/product"}],"about":[{"href":"https:\/\/products.kuwaitpos.com\/ar\/wp-json\/wp\/v2\/types\/product"}],"replies":[{"embeddable":true,"href":"https:\/\/products.kuwaitpos.com\/ar\/wp-json\/wp\/v2\/comments?post=27608"}],"version-history":[{"count":3,"href":"https:\/\/products.kuwaitpos.com\/ar\/wp-json\/wp\/v2\/product\/27608\/revisions"}],"predecessor-version":[{"id":28939,"href":"https:\/\/products.kuwaitpos.com\/ar\/wp-json\/wp\/v2\/product\/27608\/revisions\/28939"}],"wp:featuredmedia":[{"embeddable":true,"href":"https:\/\/products.kuwaitpos.com\/ar\/wp-json\/wp\/v2\/media\/27603"}],"wp:attachment":[{"href":"https:\/\/products.kuwaitpos.com\/ar\/wp-json\/wp\/v2\/media?parent=27608"}],"wp:term":[{"taxonomy":"product_brand","embeddable":true,"href":"https:\/\/products.kuwaitpos.com\/ar\/wp-json\/wp\/v2\/product_brand?post=27608"},{"taxonomy":"product_cat","embeddable":true,"href":"https:\/\/products.kuwaitpos.com\/ar\/wp-json\/wp\/v2\/product_cat?post=27608"},{"taxonomy":"product_tag","embeddable":true,"href":"https:\/\/products.kuwaitpos.com\/ar\/wp-json\/wp\/v2\/product_tag?post=27608"}],"curies":[{"name":"wp","href":"https:\/\/api.w.org\/{rel}","templated":true}]}}