{"id":19840,"date":"2024-08-19T12:43:41","date_gmt":"2024-08-19T12:43:41","guid":{"rendered":"https:\/\/products.kuwaitpos.com\/?post_type=product&#038;p=19840"},"modified":"2025-02-04T13:29:17","modified_gmt":"2025-02-04T13:29:17","slug":"honeywell-orbit-hf-680-table-scanner","status":"publish","type":"product","link":"https:\/\/products.kuwaitpos.com\/ar\/product\/honeywell-orbit-hf-680-table-scanner\/","title":{"rendered":"\u0645\u0627\u0633\u062d \u0636\u0648\u0626\u064a \u0645\u0646\u0636\u062f\u064a Honeywell Orbit HF-680"},"content":{"rendered":"<div class=\"specs-list\">\n<h2 class=\"category-name\">\u0633\u0645\u0627\u062a<\/h2>\n<div class=\"attribute-list-unordered\">\n<div class=\"col-lg-4 col-md-4 col-sm-12 com-xs-12 column-block\">\n<ul>\n<li class=\"li-item\"><b>\u0633\u0645\u0627\u062a<\/b><\/li>\n<li class=\"li-item splitted\"><span class=\"bullet-spacing\">Faster Scanning \/ Modern Styling \/ Simplified Scanner Integration<\/span><\/li>\n<\/ul>\n<\/div>\n<\/div>\n<\/div>\n<div class=\"specs-list\">\n<h2 class=\"category-name\">\u0623\u0628\u0639\u0627\u062f<\/h2>\n<div class=\"attribute-list-unordered\">\n<div class=\"col-lg-4 col-md-4 col-sm-12 com-xs-12 column-block\">\n<ul>\n<li class=\"li-item\"><b>Overall Dimensions<\/b><\/li>\n<li class=\"li-item splitted\"><span class=\"bullet-spacing\">(L \u00d7 W \u00d7 H): 85 mm \u00d7 88 mm \u00d7 139 mm<\/span><\/li>\n<\/ul>\n<\/div>\n<\/div>\n<\/div>\n<div class=\"specs-list\">\n<h2 class=\"category-name\">Scanning Specifications<\/h2>\n<div class=\"attribute-list-unordered\">\n<div class=\"col-lg-4 col-md-4 col-sm-12 com-xs-12 column-block\">\n<ul>\n<li class=\"li-item\"><b>Skew<\/b><\/li>\n<li class=\"li-item splitted\"><span class=\"bullet-spacing\">+\/-70\u00b0<\/span><\/li>\n<\/ul>\n<\/div>\n<div class=\"col-lg-4 col-md-4 col-sm-12 com-xs-12 column-block\">\n<ul>\n<li class=\"li-item\"><b>Maximum Brightness<\/b><\/li>\n<li class=\"li-item splitted\"><span class=\"bullet-spacing\">100,000 Lux<\/span><\/li>\n<\/ul>\n<\/div>\n<div class=\"col-lg-4 col-md-4 col-sm-12 com-xs-12 column-block\">\n<ul>\n<li class=\"li-item\"><b>Decode Capability<\/b><\/li>\n<li class=\"li-item splitted\"><span class=\"bullet-spacing\">1D\/2D<\/span><\/li>\n<\/ul>\n<\/div>\n<div class=\"col-lg-4 col-md-4 col-sm-12 com-xs-12 column-block\">\n<ul>\n<li class=\"li-item\"><b>Scan Pattern<\/b><\/li>\n<li class=\"li-item splitted\"><span class=\"bullet-spacing\">1280 \u00d7 800 pixel<\/span><\/li>\n<\/ul>\n<\/div>\n<div class=\"col-lg-4 col-md-4 col-sm-12 com-xs-12 column-block\">\n<ul>\n<li class=\"li-item\"><b>Print Contrast<\/b><\/li>\n<li class=\"li-item splitted\"><span class=\"bullet-spacing\">20%<\/span><\/li>\n<\/ul>\n<\/div>\n<div class=\"col-lg-4 col-md-4 col-sm-12 com-xs-12 column-block\">\n<ul>\n<li class=\"li-item\"><b>Pitch<\/b><\/li>\n<li class=\"li-item splitted\"><span class=\"bullet-spacing\">+\/-60\u00b0<\/span><\/li>\n<\/ul>\n<\/div>\n<div class=\"col-lg-4 col-md-4 col-sm-12 com-xs-12 column-block\">\n<ul>\n<li class=\"li-item\"><b>Scanning Range<\/b><\/li>\n<li class=\"li-item splitted\"><span class=\"bullet-spacing\">Standard range (SR)<\/span><\/li>\n<\/ul>\n<\/div>\n<div class=\"col-lg-4 col-md-4 col-sm-12 com-xs-12 column-block\">\n<ul>\n<li class=\"li-item\"><b>Motion Tolerance<\/b><\/li>\n<li class=\"li-item splitted\"><span class=\"bullet-spacing\">2.5 m\/s for 13 mil UPC<\/span><\/li>\n<\/ul>\n<\/div>\n<\/div>\n<\/div>\n<div class=\"specs-list\">\n<h2 class=\"category-name\">Hardware<\/h2>\n<div class=\"attribute-list-unordered\">\n<div class=\"col-lg-4 col-md-4 col-sm-12 com-xs-12 column-block\">\n<ul>\n<li class=\"li-item\"><b>Engine Type<\/b><\/li>\n<li class=\"li-item splitted\"><span class=\"bullet-spacing\">Standard Range<\/span><\/li>\n<\/ul>\n<\/div>\n<div class=\"col-lg-4 col-md-4 col-sm-12 com-xs-12 column-block\">\n<ul>\n<li class=\"li-item\"><b>Host System Interface<\/b><\/li>\n<li class=\"li-item splitted\"><span class=\"bullet-spacing\">USB\/RS232<\/span><\/li>\n<\/ul>\n<\/div>\n<\/div>\n<\/div>\n<div class=\"specs-list\">\n<h2 class=\"category-name\">\u0628\u064a\u0626\u064a<\/h2>\n<div class=\"attribute-list-unordered\">\n<div class=\"col-lg-4 col-md-4 col-sm-12 com-xs-12 column-block\">\n<ul>\n<li class=\"li-item\"><b>Operating Humidity<\/b><\/li>\n<li class=\"li-item splitted\"><span class=\"bullet-spacing\">0% to 95%RH, no condensation<\/span><\/li>\n<\/ul>\n<\/div>\n<div class=\"col-lg-4 col-md-4 col-sm-12 com-xs-12 column-block\">\n<ul>\n<li class=\"li-item\"><b>Storage Temperature Range<\/b><\/li>\n<li class=\"li-item splitted\"><span class=\"bullet-spacing\">-40\u00b0C to 60\u00b0C (-40\u00b0F to 140\u00b0F)<\/span><\/li>\n<\/ul>\n<\/div>\n<\/div>\n<\/div>\n<div class=\"specs-list\">\n<h2 class=\"category-name\">Others<\/h2>\n<div class=\"attribute-list-unordered\">\n<div class=\"col-lg-4 col-md-4 col-sm-12 com-xs-12 column-block\">\n<ul>\n<li class=\"li-item\"><b>\u0639\u0627\u0645\u0644 \u0627\u0644\u0634\u0643\u0644<\/b><\/li>\n<li class=\"li-item splitted\"><span class=\"bullet-spacing\">Hands Free<\/span><\/li>\n<\/ul>\n<\/div>\n<div class=\"col-lg-4 col-md-4 col-sm-12 com-xs-12 column-block\">\n<ul>\n<li class=\"li-item\"><b>Weight range<\/b><\/li>\n<li class=\"li-item splitted\"><span class=\"bullet-spacing\">278 +\/-10g keg<\/span><\/li>\n<\/ul>\n<\/div>\n<div class=\"col-lg-4 col-md-4 col-sm-12 com-xs-12 column-block\">\n<ul>\n<li class=\"li-item\"><b>Overall Height<\/b><\/li>\n<li class=\"li-item splitted\"><span class=\"bullet-spacing\">139 mm inch<\/span><\/li>\n<\/ul>\n<\/div>\n<div class=\"col-lg-4 col-md-4 col-sm-12 com-xs-12 column-block\">\n<ul>\n<li class=\"li-item\"><b>Overall Depth<\/b><\/li>\n<li class=\"li-item splitted\"><span class=\"bullet-spacing\">85 mm inch<\/span><\/li>\n<\/ul>\n<\/div>\n<div class=\"col-lg-4 col-md-4 col-sm-12 com-xs-12 column-block\">\n<ul>\n<li class=\"li-item\"><b>Overall Width<\/b><\/li>\n<li class=\"li-item splitted\"><span class=\"bullet-spacing\">88 mm<\/span><\/li>\n<\/ul>\n<\/div>\n<div class=\"col-lg-4 col-md-4 col-sm-12 com-xs-12 column-block\">\n<ul>\n<li class=\"li-item\"><b>Standby Current<\/b><\/li>\n<li class=\"li-item splitted\"><span class=\"bullet-spacing\">0.85 W (170 mA @ 5V)<\/span><\/li>\n<\/ul>\n<\/div>\n<div class=\"col-lg-4 col-md-4 col-sm-12 com-xs-12 column-block\">\n<ul>\n<li class=\"li-item\"><b>Input voltage<\/b><\/li>\n<li class=\"li-item splitted\"><span class=\"bullet-spacing\">5 VDC \u00b10.5V<\/span><\/li>\n<\/ul>\n<\/div>\n<div class=\"col-lg-4 col-md-4 col-sm-12 com-xs-12 column-block\">\n<ul>\n<li class=\"li-item\"><b>Operating Current<\/b><\/li>\n<li class=\"li-item splitted\"><span class=\"bullet-spacing\">2.0 W (400 mA @ 5V)<\/span><\/li>\n<\/ul>\n<\/div>\n<div class=\"col-lg-4 col-md-4 col-sm-12 com-xs-12 column-block\">\n<ul>\n<li class=\"li-item\"><b>Operating temperature<\/b><\/li>\n<li class=\"li-item splitted\"><span class=\"bullet-spacing\">-10\u00b0C to 40\u00b0C (14\u00b0F to 104\u00b0F)<\/span><\/li>\n<\/ul>\n<\/div>\n<div class=\"col-lg-4 col-md-4 col-sm-12 com-xs-12 column-block\">\n<ul>\n<li class=\"li-item\"><b>Warranty Duration<\/b><\/li>\n<li class=\"li-item splitted\"><span class=\"bullet-spacing\">3 Yr<\/span><\/li>\n<\/ul>\n<\/div>\n<div class=\"col-lg-4 col-md-4 col-sm-12 com-xs-12 column-block\">\n<ul>\n<li class=\"li-item\"><b>\u0645\u0627\u0631\u0643\u0629<\/b><\/li>\n<li class=\"li-item splitted\"><span class=\"bullet-spacing\">\u0647\u0627\u0646\u064a\u0648\u064a\u0644<\/span><\/li>\n<\/ul>\n<\/div>\n<div class=\"col-lg-4 col-md-4 col-sm-12 com-xs-12 column-block\">\n<ul>\n<li class=\"li-item\"><b>Power Connector Type<\/b><\/li>\n<li class=\"li-item splitted\"><span class=\"bullet-spacing\">Corded<\/span><\/li>\n<\/ul>\n<\/div>\n<\/div>\n<\/div>","protected":false},"excerpt":{"rendered":"<p>Features Features Faster Scanning \/ Modern Styling \/ Simplified Scanner Integration Dimensions Overall Dimensions (L \u00d7 W \u00d7 H): 85<\/p>","protected":false},"featured_media":19846,"comment_status":"open","ping_status":"closed","template":"","meta":[],"product_brand":[],"product_cat":[1215],"product_tag":[620],"class_list":{"0":"post-19840","1":"product","2":"type-product","3":"status-publish","4":"has-post-thumbnail","6":"product_cat-barcode-scanner","7":"product_tag-honeywell","9":"first","10":"instock","11":"sale","12":"shipping-taxable","13":"purchasable","14":"product-type-simple"},"_links":{"self":[{"href":"https:\/\/products.kuwaitpos.com\/ar\/wp-json\/wp\/v2\/product\/19840","targetHints":{"allow":["GET"]}}],"collection":[{"href":"https:\/\/products.kuwaitpos.com\/ar\/wp-json\/wp\/v2\/product"}],"about":[{"href":"https:\/\/products.kuwaitpos.com\/ar\/wp-json\/wp\/v2\/types\/product"}],"replies":[{"embeddable":true,"href":"https:\/\/products.kuwaitpos.com\/ar\/wp-json\/wp\/v2\/comments?post=19840"}],"version-history":[{"count":1,"href":"https:\/\/products.kuwaitpos.com\/ar\/wp-json\/wp\/v2\/product\/19840\/revisions"}],"predecessor-version":[{"id":19850,"href":"https:\/\/products.kuwaitpos.com\/ar\/wp-json\/wp\/v2\/product\/19840\/revisions\/19850"}],"wp:featuredmedia":[{"embeddable":true,"href":"https:\/\/products.kuwaitpos.com\/ar\/wp-json\/wp\/v2\/media\/19846"}],"wp:attachment":[{"href":"https:\/\/products.kuwaitpos.com\/ar\/wp-json\/wp\/v2\/media?parent=19840"}],"wp:term":[{"taxonomy":"product_brand","embeddable":true,"href":"https:\/\/products.kuwaitpos.com\/ar\/wp-json\/wp\/v2\/product_brand?post=19840"},{"taxonomy":"product_cat","embeddable":true,"href":"https:\/\/products.kuwaitpos.com\/ar\/wp-json\/wp\/v2\/product_cat?post=19840"},{"taxonomy":"product_tag","embeddable":true,"href":"https:\/\/products.kuwaitpos.com\/ar\/wp-json\/wp\/v2\/product_tag?post=19840"}],"curies":[{"name":"wp","href":"https:\/\/api.w.org\/{rel}","templated":true}]}}