{"id":18747,"date":"2024-08-12T13:25:24","date_gmt":"2024-08-12T13:25:24","guid":{"rendered":"https:\/\/products.kuwaitpos.com\/?post_type=product&#038;p=18747"},"modified":"2025-02-04T13:28:24","modified_gmt":"2025-02-04T13:28:24","slug":"ezviz-3k-wifi-smart-home-security-camera","status":"publish","type":"product","link":"https:\/\/products.kuwaitpos.com\/ar\/product\/ezviz-3k-wifi-smart-home-security-camera\/","title":{"rendered":"\u0643\u0627\u0645\u064a\u0631\u0627 \u0645\u0631\u0627\u0642\u0628\u0629 \u0645\u0646\u0632\u0644\u064a\u0629 \u0630\u0643\u064a\u0629 \u0628\u062a\u0642\u0646\u064a\u0629 \u0648\u0627\u064a \u0641\u0627\u064a 3K \u0645\u0646 Ezviz"},"content":{"rendered":"<p><strong>\u0639\u0627\u0645<\/strong><\/p>\n<ul>\n<li>Dimensions: 75.5 \u00d7 75.5 \u00d7 155 mm (2.97 \u00d7 2.97 \u00d7 6.10 inch)<\/li>\n<li>Package Dimensions: 227 \u00d7 100 \u00d7 92 mm (8.94 \u00d7 3.94 \u00d7 3.62 inch)<\/li>\n<li>Weight: Net weight: 433 g (15.27 oz) With package: 652 g (23.00 oz)<\/li>\n<li>IP Grade: IP67<\/li>\n<li>Operating Conditions -30 \u00b0C ~ 60 \u00baC (-22 \u00b0F ~ 140 \u00b0F ) Humidity 95% or less (non-condensing)<\/li>\n<\/ul>\n<p><strong>\u0622\u0644\u0629 \u062a\u0635\u0648\u064a\u0631<\/strong><\/p>\n<ul>\n<li>Image Sensor: 1\/2.7\u201dProgressive Scan CMOS<\/li>\n<li>Shutter Speed: Self-adaptive shutter<\/li>\n<li>Lens: 2.8mm @ F2.0, viewing angle: 114\u00b0 (Diagonal), 96\u00b0 (Horizontal), 51\u00b0 (Vertical) 4mm @ F2.0, viewing angle: 95\u00b0 (Diagonal), 80\u00b0 (Horizontal), 42\u00b0 (Vertical)<\/li>\n<li>Minimum Illumination: 0.01 lux @ (F2.0, AGC ON), 0 Lux with IR<\/li>\n<li>Lens Mount: M12<\/li>\n<li>Day \/ Night Switch: IR-Cut filter with auto-switching<\/li>\n<li>DNR: 3D DNR<\/li>\n<li>WDR: Digital WDR<\/li>\n<li>BLC: Supports<\/li>\n<li>IR Night Vision Distance: Up to 98 ft \/ 30 m<\/li>\n<\/ul>\n<p><strong>Video &amp; Audio<\/strong><\/p>\n<ul>\n<li>Max. Resolution: 2880 \u00d7 1620 pixels<\/li>\n<li>Frame RateMax: 30fps; Self-Adaptive during network transmission<\/li>\n<li>Video Compression: H.265 \/ H.264<\/li>\n<li>Video Bit Rate: Quad HD+; Full HD; HD; Standard. Adaptive bit rate.<\/li>\n<li>Audio Bit Rate: Self-Adaptive<\/li>\n<li>Max. Bitrate: 4 Mbps<\/li>\n<\/ul>\n<p><strong>Network<\/strong><\/p>\n<ul>\n<li>Wi-Fi Standard: IEEE802.11b, 802.11g, 802.11n<\/li>\n<li>Frequency Range: 2.4 GHz ~ 2.4835 GHz<\/li>\n<li>Channel Bandwidth: Supports 20 MHz<\/li>\n<li>Security: 64 \/ 128-bit WEP, WPA \/ WPA2, WPA-PSK \/ WPA2-PSK<\/li>\n<li>Transmission Rate: 11b: 11 Mbps, 11g: 54 Mbps, 11n: 150 Mbps<\/li>\n<li>Wi-Fi Pairing: AP Pairing<\/li>\n<li>Protocol: EZVIZ Cloud Proprietary Protocol<\/li>\n<li>Interface Protocol: EZVIZ Cloud Proprietary Protocol<\/li>\n<li>Wired Network: RJ45 \u00d7 1 (10M \/ 100M Adaptive Ethernet Port)<\/li>\n<\/ul>\n<p><strong>Function<\/strong><\/p>\n<ul>\n<li>Detection: AI-Powered Human \/ Vehicle Shape Detection, Waving-Hand Detection, Motion Detection<\/li>\n<li>Customized Alert Area: Supports<\/li>\n<li>Integration: Works with Alexa, Google Assistant, IFTTT<\/li>\n<li>General Function Anti-Flicker, Dual-Stream, Heart Beat, Mirror Image, Password Protection, Watermark<\/li>\n<\/ul>\n<p><strong>Storage<\/strong><\/p>\n<ul>\n<li>Local Storage: Supports microSD card (Up to 512 GB)<\/li>\n<li>Cloud Storage: Supports EZVIZ CloudPlay storage (Subscription required)<\/li>\n<\/ul>\n<p><strong>\u0642\u0648\u0629<\/strong><\/p>\n<ul>\n<li>Wiring: Hard-Wired<\/li>\n<li>Power Supply: DC 12V \/ 1A<\/li>\n<li>Power Consumption: Max. 8W<\/li>\n<\/ul>","protected":false},"excerpt":{"rendered":"<p>General Dimensions: 75.5 \u00d7 75.5 \u00d7 155 mm (2.97 \u00d7 2.97 \u00d7 6.10 inch) Package Dimensions: 227 \u00d7 100 \u00d7<\/p>","protected":false},"featured_media":18748,"comment_status":"open","ping_status":"closed","template":"","meta":[],"product_brand":[],"product_cat":[1221],"product_tag":[522],"class_list":{"0":"post-18747","1":"product","2":"type-product","3":"status-publish","4":"has-post-thumbnail","6":"product_cat-cctv","7":"product_tag-hikvision","9":"first","10":"instock","11":"sale","12":"shipping-taxable","13":"purchasable","14":"product-type-simple"},"_links":{"self":[{"href":"https:\/\/products.kuwaitpos.com\/ar\/wp-json\/wp\/v2\/product\/18747","targetHints":{"allow":["GET"]}}],"collection":[{"href":"https:\/\/products.kuwaitpos.com\/ar\/wp-json\/wp\/v2\/product"}],"about":[{"href":"https:\/\/products.kuwaitpos.com\/ar\/wp-json\/wp\/v2\/types\/product"}],"replies":[{"embeddable":true,"href":"https:\/\/products.kuwaitpos.com\/ar\/wp-json\/wp\/v2\/comments?post=18747"}],"version-history":[{"count":2,"href":"https:\/\/products.kuwaitpos.com\/ar\/wp-json\/wp\/v2\/product\/18747\/revisions"}],"predecessor-version":[{"id":28434,"href":"https:\/\/products.kuwaitpos.com\/ar\/wp-json\/wp\/v2\/product\/18747\/revisions\/28434"}],"wp:featuredmedia":[{"embeddable":true,"href":"https:\/\/products.kuwaitpos.com\/ar\/wp-json\/wp\/v2\/media\/18748"}],"wp:attachment":[{"href":"https:\/\/products.kuwaitpos.com\/ar\/wp-json\/wp\/v2\/media?parent=18747"}],"wp:term":[{"taxonomy":"product_brand","embeddable":true,"href":"https:\/\/products.kuwaitpos.com\/ar\/wp-json\/wp\/v2\/product_brand?post=18747"},{"taxonomy":"product_cat","embeddable":true,"href":"https:\/\/products.kuwaitpos.com\/ar\/wp-json\/wp\/v2\/product_cat?post=18747"},{"taxonomy":"product_tag","embeddable":true,"href":"https:\/\/products.kuwaitpos.com\/ar\/wp-json\/wp\/v2\/product_tag?post=18747"}],"curies":[{"name":"wp","href":"https:\/\/api.w.org\/{rel}","templated":true}]}}