{"id":18714,"date":"2024-08-12T12:47:47","date_gmt":"2024-08-12T12:47:47","guid":{"rendered":"https:\/\/products.kuwaitpos.com\/?post_type=product&#038;p=18714"},"modified":"2025-02-04T13:28:20","modified_gmt":"2025-02-04T13:28:20","slug":"hikvision-8-port-fast-ethernet-unmanaged-desktop-switch","status":"publish","type":"product","link":"https:\/\/products.kuwaitpos.com\/ar\/product\/hikvision-8-port-fast-ethernet-unmanaged-desktop-switch\/","title":{"rendered":"\u0645\u062d\u0648\u0644 \u0633\u0637\u062d \u0645\u0643\u062a\u0628 \u063a\u064a\u0631 \u0645\u064f\u062f\u0627\u0631 \u0645\u0646 Hikvision \u0645\u0632\u0648\u062f \u0628\u0640 8 \u0645\u0646\u0627\u0641\u0630 Ethernet \u0633\u0631\u064a\u0639\u0629"},"content":{"rendered":"<section id=\"shopify-section-template--15788682412238__236adb70-8833-4730-ba31-dc49c11e58be\" class=\"shopify-section spaced-section\">\n<div class=\"top-spacing-normal page-wide\">\n<div class=\"main-specs\">\n<div class=\"specs\">\n<div class=\"title page-title\">\n<p>Port Number: 8<\/p>\n<p>Port Type: 10\/100 Mbps RJ45 ports<\/p>\n<p>Standard: IEEE 802.3, IEEE 802.3u, IEEE 802.3x<\/p>\n<p>Forwarding Mode: Store and forward<\/p>\n<p>MAC Address Table: 1 K<\/p>\n<p>Switching Capacity: 1.6 Gbps<\/p>\n<p>Packet Forwarding Rate: 1.1904 Mpps<\/p>\n<p>\u0639\u0627\u0645<\/p>\n<p>\u0627\u0644\u063a\u0644\u0627\u0641: ABS<\/p>\n<p>Net Weight: 0.041 kg<\/p>\n<p>Dimension (L \u00d7 H \u00d7 D): 124 \u00d7 59 \u00d7 23.2 mm<\/p>\n<p>Operating Temperature: 0\u00b0C~40\u00b0C<\/p>\n<p>Storage Temperature-40\u00b0C~70\u00b0C<\/p>\n<p>\u0631\u0637\u0648\u0628\u0629 \u0627\u0644\u062a\u0634\u063a\u064a\u0644: 10%~90% \u0631\u0637\u0648\u0628\u0629 \u0646\u0633\u0628\u064a\u0629 \u063a\u064a\u0631 \u0645\u062a\u0643\u062b\u0641\u0629<\/p>\n<p>\u0631\u0637\u0648\u0628\u0629 \u0627\u0644\u062a\u062e\u0632\u064a\u0646: 5%~90% \u0631\u0637\u0648\u0628\u0629 \u0646\u0633\u0628\u064a\u0629 \u063a\u064a\u0631 \u0645\u062a\u0643\u062b\u0641\u0629<\/p>\n<p>Power Supply: 5 V DC, 0.6 A<\/p>\n<div><\/div>\n<\/div>\n<div class=\"countdown-wrapper\">\n<div class=\"countdown\" data-date=\"Sun Dec 31 2023 17:08:00 +0300\">\n<div><\/div>\n<\/div>\n<\/div>\n<div class=\"button-group-page\">\n<div class=\"buttons-wrapper\"><\/div>\n<\/div>\n<\/div>\n<\/div>\n<\/div>\n<\/section>\n<section id=\"shopify-section-template--15788682412238__eb9615a4-132a-4d3f-acf2-6d44a8c1cec4\" class=\"shopify-section spaced-section\">\n<div class=\"top-spacing-small page-wide\"><\/div>\n<\/section>\n<section id=\"shopify-section-template--15788682412238__21cfbb8be86b555a3e03\" class=\"shopify-section spaced-section\">\n<div class=\"top-spacing-normal\">\n<div class=\"page-wide\">\n<div id=\"shopify-block-f015be8a-204c-4f98-a63f-1d393ada83fb\" class=\"shopify-block shopify-app-block\">\n<div><\/div>\n<div id=\"judgeme_product_reviews\" class=\"jdgm-widget jdgm-review-widget jdgm--done-setup-widget\" data-product-title=\"Hikvision 8 Port Fast Ethernet Unmanaged Desktop Switch\" data-id=\"7240948154574\" data-widget-name=\"review_widget\" data-impressions-tracked=\"true\" data-views-tracked=\"true\">\n<div class=\"jdgm-rev-widg\" data-updated-at=\"2023-08-19T09:51:27Z\" data-average-rating=\"0.00\" data-number-of-reviews=\"0\" data-number-of-questions=\"0\">\n<div class=\"jdgm-rev-widg__header\"><\/div>\n<\/div>\n<\/div>\n<\/div>\n<\/div>\n<\/div>\n<\/section>","protected":false},"excerpt":{"rendered":"<p>Port Number: 8 Port Type: 10\/100 Mbps RJ45 ports Standard: IEEE 802.3, IEEE 802.3u, IEEE 802.3x Forwarding Mode: Store and<\/p>","protected":false},"featured_media":18715,"comment_status":"open","ping_status":"closed","template":"","meta":[],"product_brand":[],"product_cat":[1213],"product_tag":[522],"class_list":{"0":"post-18714","1":"product","2":"type-product","3":"status-publish","4":"has-post-thumbnail","6":"product_cat-smart-devices-electronic-devices-accessories","7":"product_tag-hikvision","9":"first","10":"instock","11":"sale","12":"shipping-taxable","13":"purchasable","14":"product-type-simple"},"_links":{"self":[{"href":"https:\/\/products.kuwaitpos.com\/ar\/wp-json\/wp\/v2\/product\/18714","targetHints":{"allow":["GET"]}}],"collection":[{"href":"https:\/\/products.kuwaitpos.com\/ar\/wp-json\/wp\/v2\/product"}],"about":[{"href":"https:\/\/products.kuwaitpos.com\/ar\/wp-json\/wp\/v2\/types\/product"}],"replies":[{"embeddable":true,"href":"https:\/\/products.kuwaitpos.com\/ar\/wp-json\/wp\/v2\/comments?post=18714"}],"version-history":[{"count":1,"href":"https:\/\/products.kuwaitpos.com\/ar\/wp-json\/wp\/v2\/product\/18714\/revisions"}],"predecessor-version":[{"id":18717,"href":"https:\/\/products.kuwaitpos.com\/ar\/wp-json\/wp\/v2\/product\/18714\/revisions\/18717"}],"wp:featuredmedia":[{"embeddable":true,"href":"https:\/\/products.kuwaitpos.com\/ar\/wp-json\/wp\/v2\/media\/18715"}],"wp:attachment":[{"href":"https:\/\/products.kuwaitpos.com\/ar\/wp-json\/wp\/v2\/media?parent=18714"}],"wp:term":[{"taxonomy":"product_brand","embeddable":true,"href":"https:\/\/products.kuwaitpos.com\/ar\/wp-json\/wp\/v2\/product_brand?post=18714"},{"taxonomy":"product_cat","embeddable":true,"href":"https:\/\/products.kuwaitpos.com\/ar\/wp-json\/wp\/v2\/product_cat?post=18714"},{"taxonomy":"product_tag","embeddable":true,"href":"https:\/\/products.kuwaitpos.com\/ar\/wp-json\/wp\/v2\/product_tag?post=18714"}],"curies":[{"name":"wp","href":"https:\/\/api.w.org\/{rel}","templated":true}]}}