{"id":18336,"date":"2024-08-10T11:34:47","date_gmt":"2024-08-10T11:34:47","guid":{"rendered":"https:\/\/products.kuwaitpos.com\/?post_type=product&#038;p=18336"},"modified":"2025-02-04T13:27:58","modified_gmt":"2025-02-04T13:27:58","slug":"smart-wi-fi-light-bulb-multicolor","status":"publish","type":"product","link":"https:\/\/products.kuwaitpos.com\/ar\/product\/smart-wi-fi-light-bulb-multicolor\/","title":{"rendered":"Smart Wi-Fi Light Bulb, Multicolor"},"content":{"rendered":"<table style=\"height: 280px\" width=\"951\">\n<thead>\n<tr id=\"tr_1384\">\n<th colspan=\"2\"><a>CAMERA<\/a><\/th>\n<\/tr>\n<\/thead>\n<tbody>\n<tr id=\"tr_1385\">\n<th width=\"35%\">Image Sensor<\/th>\n<td width=\"65%\">1\/3&#8243; Progressive Scan CMOS Starlight Sensor<\/td>\n<\/tr>\n<tr id=\"tr_1517\">\n<th width=\"35%\">Lens<\/th>\n<td width=\"65%\">Focal Length: 2.1 mm<\/p>\n<p>Aperture: F2.1<\/p>\n<p>Field of View: 150\u00b0 (Diagonal), 134\u00b0(Horizontal), 77\u00b0(Vertical)<\/td>\n<\/tr>\n<tr id=\"tr_5802\">\n<th width=\"35%\">Night Vision<\/th>\n<td width=\"65%\">850 nm IR LED (49 ft \/ 15 m)<\/p>\n<p>Full-Color Night Vision<\/td>\n<\/tr>\n<tr id=\"tr_6579\">\n<th width=\"35%\">Lighting<\/th>\n<td width=\"65%\">4\u00d7 Built-in Spotlights<\/td>\n<\/tr>\n<tr id=\"tr_6580\">\n<th width=\"35%\">Interface &amp; Button<\/th>\n<td width=\"65%\">1\u00d7 RESET Button<\/p>\n<p>1\u00d7 POWER Button<\/td>\n<\/tr>\n<\/tbody>\n<\/table>\n<table style=\"height: 317px\" width=\"956\">\n<thead>\n<tr id=\"tr_6588\">\n<th colspan=\"2\"><a>VIDEO &amp; AUDIO<\/a><\/th>\n<\/tr>\n<\/thead>\n<tbody>\n<tr id=\"tr_6589\">\n<th width=\"35%\">Maximum Resolution<\/th>\n<td width=\"65%\">2K QHD 4MP (2560 \u00d7 1440 px)<\/td>\n<\/tr>\n<tr id=\"tr_6590\">\n<th width=\"35%\">Frame Rate<\/th>\n<td width=\"65%\">15\/20\/(25\/30)fps<\/td>\n<\/tr>\n<tr id=\"tr_6591\">\n<th width=\"35%\">Digital Zoom<\/th>\n<td width=\"65%\">12\u00d7<\/td>\n<\/tr>\n<tr id=\"tr_6592\">\n<th width=\"35%\">Video Compression<\/th>\n<td width=\"65%\">H.264<\/td>\n<\/tr>\n<tr id=\"tr_6593\">\n<th width=\"35%\">Live View<\/th>\n<td width=\"65%\">\u0646\u0639\u0645<\/td>\n<\/tr>\n<tr id=\"tr_6594\">\n<th width=\"35%\">Image Enhancement<\/th>\n<td width=\"65%\">3DNR<\/p>\n<p>WDR<\/td>\n<\/tr>\n<tr id=\"tr_6595\">\n<th width=\"35%\">Audio Input &amp; Output<\/th>\n<td width=\"65%\">Built-in Microphone and Speaker<\/td>\n<\/tr>\n<tr id=\"tr_6596\">\n<th width=\"35%\">Audio Communication<\/th>\n<td width=\"65%\">Two-Way Audio with Noise Cancellation<\/td>\n<\/tr>\n<tr id=\"tr_6597\">\n<th width=\"35%\">Siren Volume<\/th>\n<td width=\"65%\">94 dB (Level measured at 4-inch\/10-cm distance)<\/td>\n<\/tr>\n<\/tbody>\n<\/table>\n<table style=\"height: 162px\" width=\"953\">\n<thead>\n<tr id=\"tr_6514\">\n<th colspan=\"2\"><a>STORAGE<\/a><\/th>\n<\/tr>\n<\/thead>\n<tbody>\n<tr id=\"tr_6515\">\n<th width=\"35%\">Local Storage<\/th>\n<td width=\"65%\">MicroSD Card Slot on Camera (Up to 512 GB)<\/p>\n<p><a href=\"https:\/\/www.tp-link.com\/en\/support\/faq\/3048\/\">General Information about using MicroSD Cards &gt;<\/a><\/td>\n<\/tr>\n<tr id=\"tr_6516\">\n<th width=\"35%\">Cloud Storage<\/th>\n<td width=\"65%\">Tapo Care Cloud Storage Services (Subscription required)<\/td>\n<\/tr>\n<\/tbody>\n<\/table>\n<table style=\"height: 294px\" width=\"955\">\n<thead>\n<tr id=\"tr_6599\">\n<th colspan=\"2\"><a>DETECTION and NOTIFICATIONS<\/a><\/th>\n<\/tr>\n<\/thead>\n<tbody>\n<tr id=\"tr_6604\">\n<th width=\"35%\">Sensor<\/th>\n<td width=\"65%\">Single Motion Sensor (FOV: 130\u00b0 horizontal)<\/p>\n<p>Single Ambient Light Sensors<\/td>\n<\/tr>\n<tr id=\"tr_6603\">\n<th width=\"35%\">AI Detection<\/th>\n<td width=\"65%\">Motion Detection<\/p>\n<p>Person Detection<\/p>\n<p>Pet Detection<\/p>\n<p>Vehicle Detection<\/td>\n<\/tr>\n<tr id=\"tr_6602\">\n<th width=\"35%\">Activity Zones<\/th>\n<td width=\"65%\">\u0646\u0639\u0645<\/td>\n<\/tr>\n<tr id=\"tr_6605\">\n<th width=\"35%\">Output Notification<\/th>\n<td width=\"65%\">System Notification<\/p>\n<p>System Notification with Snapshot (Tapo Care Services)<\/td>\n<\/tr>\n<\/tbody>\n<\/table>\n<table style=\"height: 143px\" width=\"954\">\n<thead>\n<tr id=\"tr_1524\">\n<th colspan=\"2\"><a>\u0634\u0628\u0643\u0629<\/a><\/th>\n<\/tr>\n<\/thead>\n<tbody>\n<tr id=\"tr_6606\">\n<th width=\"35%\">Network Connectivity<\/th>\n<td width=\"65%\">Connect via Wi-Fi<\/td>\n<\/tr>\n<tr id=\"tr_6607\">\n<th width=\"35%\">Wireless Connectivity<\/th>\n<td width=\"65%\">IEEE 802.11b\/g\/n, 2.4 GHz Wi-Fi<\/td>\n<\/tr>\n<\/tbody>\n<\/table>\n<table style=\"height: 124px\" width=\"959\">\n<thead>\n<tr id=\"tr_1625\">\n<th colspan=\"2\"><a>SECURITY<\/a><\/th>\n<\/tr>\n<\/thead>\n<tbody>\n<tr id=\"tr_6611\">\n<th width=\"35%\">\u062d\u0645\u0627\u064a\u0629<\/th>\n<td width=\"65%\">128-bit AES Encryption with SSL\/TLS<\/p>\n<p>WPA\/WPA2-PSK<\/td>\n<\/tr>\n<\/tbody>\n<\/table>\n<table style=\"height: 157px\" width=\"957\">\n<thead>\n<tr id=\"tr_5734\">\n<th colspan=\"2\"><a>POWER<\/a><\/th>\n<\/tr>\n<\/thead>\n<tbody>\n<tr id=\"tr_6612\">\n<th width=\"35%\">Power Source<\/th>\n<td width=\"65%\">10000 mAh Built-in Rechargeable Lithium-ion Battery<\/p>\n<p>Optional Solar Panel:\u00a0<a href=\"https:\/\/www.tp-link.com\/home-networking\/cloud-camera\/tapo-a200\/\">\u062a\u0627\u0628\u0648 A200<\/a>\u00a0(Sold separately)<\/td>\n<\/tr>\n<tr id=\"tr_6613\">\n<th width=\"35%\">Input Voltage<\/th>\n<td width=\"65%\">Adapter Input: 100-240 V, 50\/60 Hz<\/td>\n<\/tr>\n<tr id=\"tr_6614\">\n<th width=\"35%\">Output Voltage<\/th>\n<td width=\"65%\">Adapter Output: 5.0 V, 2.0 A<\/td>\n<\/tr>\n<\/tbody>\n<\/table>\n<table style=\"height: 651px\" width=\"957\">\n<thead>\n<tr id=\"tr_1529\">\n<th colspan=\"2\"><a>\u0639\u0627\u0645<\/a><\/th>\n<\/tr>\n<\/thead>\n<tbody>\n<tr id=\"tr_6619\">\n<th width=\"35%\">Smart Integration<\/th>\n<td width=\"65%\">Google Assistant, Amazon Alexa<\/td>\n<\/tr>\n<tr id=\"tr_6525\">\n<th width=\"35%\">Weather Resistance<\/th>\n<td width=\"65%\">IP66<\/td>\n<\/tr>\n<tr id=\"tr_6620\">\n<th width=\"35%\">\u0645\u062a\u0637\u0644\u0628\u0627\u062a \u0627\u0644\u0646\u0638\u0627\u0645<\/th>\n<td width=\"65%\">Tapo App: iOS 11.0 or higher, Andriod 5.0 or higher<\/td>\n<\/tr>\n<tr id=\"tr_6621\">\n<th width=\"35%\">Mounting Options<\/th>\n<td width=\"65%\">Tabletop<\/p>\n<p>Ceiling-Mounted<\/p>\n<p>Wall-Mounted<\/td>\n<\/tr>\n<tr id=\"tr_5831\">\n<th width=\"35%\">Operating Temperature<\/th>\n<td width=\"65%\">-20\u2103~45\u2103<\/td>\n<\/tr>\n<tr id=\"tr_6309\">\n<th width=\"35%\">Storage Temperature<\/th>\n<td width=\"65%\">-20\u2103~45\u2103<\/td>\n<\/tr>\n<tr id=\"tr_5832\">\n<th width=\"35%\">Operating Humidity<\/th>\n<td width=\"65%\">10%~90% RH, Non-condensing<\/td>\n<\/tr>\n<tr id=\"tr_6310\">\n<th width=\"35%\">Storage Humidity<\/th>\n<td width=\"65%\">5%~90% RH, Non-condensing<\/td>\n<\/tr>\n<tr id=\"tr_6622\">\n<th width=\"35%\">Charging Temperature<\/th>\n<td width=\"65%\">0-45\u2103<\/td>\n<\/tr>\n<tr id=\"tr_6624\">\n<th width=\"35%\">\u0623\u0628\u0639\u0627\u062f<\/th>\n<td width=\"65%\">Camera Dimensions: 4.57 \u00d7 2.55 \u00d7 2.55 in (116.2 \u00d7 64.8 \u00d7 64.8mm)<\/td>\n<\/tr>\n<tr id=\"tr_1562\">\n<th width=\"35%\">\u0645\u062d\u062a\u0648\u064a\u0627\u062a \u0627\u0644\u062d\u0632\u0645\u0629<\/th>\n<td width=\"65%\">Tapo C425 Camera\u00d7 4<\/p>\n<p>USB Adapter\u00d7 1<\/p>\n<p>USB Adapter Cable\u00d7 1<\/p>\n<p>Mounting Template\u00d7 4<\/p>\n<p>Magnetic Base\u00d7 4<\/p>\n<p>Mounting Screw\u00d7 8<\/p>\n<p>Mounting Anchor\u00d7 8<\/p>\n<p>Metal Plate\u00d7 4<\/p>\n<p>3M Adhesive\u00d7 4<\/p>\n<p>\u062f\u0644\u064a\u0644 \u0627\u0644\u0628\u062f\u0621 \u0627\u0644\u0633\u0631\u064a\u0639<\/td>\n<\/tr>\n<tr id=\"tr_5833\">\n<th width=\"35%\">\u0627\u0644\u0634\u0647\u0627\u062f\u0627\u062a<\/th>\n<td width=\"65%\">CE, FCC, RoHS, RCM<\/td>\n<\/tr>\n<\/tbody>\n<\/table>","protected":false},"excerpt":{"rendered":"<ul>\n<li><strong>Multicolor<\/strong>\u00a0<span class=\"15\">\u2013<\/span>\u00a0Easily design scenarios for your daily routine or activities by customizing brightness, light temperature, and colors<span class=\"15\">\u2013<\/span>with 16,000,000 hues to choose from.<\/li>\n<li><strong>60-watt equivalent<\/strong>\u00a0<span class=\"15\">\u2013<\/span>\u00a0LED bulb produces up to 806 lumens white brightness and\u00a0has a dimming range from 1% to 100%.<\/li>\n<li><b>Preset for Convenience\u00a0<\/b>\u2013\u00a0Found your favorite lighting for watching movies? Save it as a setting you can simply select for future movie nights.<\/li>\n<li><b>Schedule &amp; Timer\u00a0<\/b>\u2013<b>\u00a0<\/b>Create\u00a0schedules and count plans to turn on\/off with the brightness\/color you set.<\/li>\n<li><b>Sunrise and Sunset Modes<\/b>\u00a0\u2013 Automatically activate your light according to your time zone.<\/li>\n<li><strong>No Hub Required\u00a0<\/strong>\u2013\u00a0Connect the L530E\u00a0light to your home wifi, then you are all set.<\/li>\n<li><b>\u0627\u0644\u062a\u062d\u0643\u0645 \u0627\u0644\u0635\u0648\u062a\u064a\u00a0<\/b>\u2013 Manage the lights with your voice commands as Tapo works with Amazon Alexa and Google Assistant.<\/li>\n<li><b>Remote Control\u00a0<\/b>\u2013 Take your phone out for the pocket and open the Tapo app to control your light remotely.<\/li>\n<li><b>\u0627\u0644\u0648\u0636\u0639 \u0627\u0644\u0628\u0639\u064a\u062f\u00a0<\/b>\u2013\u00a0Automatically simulate someone being at home to frighten away, unwanted visitors.<\/li>\n<li><strong>Restore Last Light State<\/strong><b>\u00a0<\/b>\u2013\u00a0the bulb automatically returns to its previous power-off state.<\/li>\n<\/ul>","protected":false},"featured_media":18337,"comment_status":"open","ping_status":"closed","template":"","meta":[],"product_brand":[],"product_cat":[1213],"product_tag":[428],"class_list":{"0":"post-18336","1":"product","2":"type-product","3":"status-publish","4":"has-post-thumbnail","6":"product_cat-smart-devices-electronic-devices-accessories","7":"product_tag-tp-link","9":"first","10":"instock","11":"sale","12":"shipping-taxable","13":"purchasable","14":"product-type-simple"},"_links":{"self":[{"href":"https:\/\/products.kuwaitpos.com\/ar\/wp-json\/wp\/v2\/product\/18336","targetHints":{"allow":["GET"]}}],"collection":[{"href":"https:\/\/products.kuwaitpos.com\/ar\/wp-json\/wp\/v2\/product"}],"about":[{"href":"https:\/\/products.kuwaitpos.com\/ar\/wp-json\/wp\/v2\/types\/product"}],"replies":[{"embeddable":true,"href":"https:\/\/products.kuwaitpos.com\/ar\/wp-json\/wp\/v2\/comments?post=18336"}],"version-history":[{"count":2,"href":"https:\/\/products.kuwaitpos.com\/ar\/wp-json\/wp\/v2\/product\/18336\/revisions"}],"predecessor-version":[{"id":28381,"href":"https:\/\/products.kuwaitpos.com\/ar\/wp-json\/wp\/v2\/product\/18336\/revisions\/28381"}],"wp:featuredmedia":[{"embeddable":true,"href":"https:\/\/products.kuwaitpos.com\/ar\/wp-json\/wp\/v2\/media\/18337"}],"wp:attachment":[{"href":"https:\/\/products.kuwaitpos.com\/ar\/wp-json\/wp\/v2\/media?parent=18336"}],"wp:term":[{"taxonomy":"product_brand","embeddable":true,"href":"https:\/\/products.kuwaitpos.com\/ar\/wp-json\/wp\/v2\/product_brand?post=18336"},{"taxonomy":"product_cat","embeddable":true,"href":"https:\/\/products.kuwaitpos.com\/ar\/wp-json\/wp\/v2\/product_cat?post=18336"},{"taxonomy":"product_tag","embeddable":true,"href":"https:\/\/products.kuwaitpos.com\/ar\/wp-json\/wp\/v2\/product_tag?post=18336"}],"curies":[{"name":"wp","href":"https:\/\/api.w.org\/{rel}","templated":true}]}}