{"id":18309,"date":"2024-08-10T11:14:19","date_gmt":"2024-08-10T11:14:19","guid":{"rendered":"https:\/\/products.kuwaitpos.com\/?post_type=product&#038;p=18309"},"modified":"2025-02-04T13:27:56","modified_gmt":"2025-02-04T13:27:56","slug":"tp-link-tapo-rv20-mop-plus-magslim-lidar-navigation-robot-vacuum-mop-smart-auto-empty-dock-2600-mah-4l","status":"publish","type":"product","link":"https:\/\/products.kuwaitpos.com\/ar\/product\/tp-link-tapo-rv20-mop-plus-magslim-lidar-navigation-robot-vacuum-mop-smart-auto-empty-dock-2600-mah-4l\/","title":{"rendered":"TP-Link (Tapo RV20 Mop Plus) MagSlim\u2122 LiDAR Navigation Robot Vacuum &amp; Mop+ Smart Auto-Empty Dock &#8211; 2600 mAh \/ 4L"},"content":{"rendered":"<table style=\"height: 1135px\" width=\"958\">\n<tbody>\n<tr>\n<td width=\"134\">\u0645\u0627\u0631\u0643\u0629<\/td>\n<td width=\"163\">\u062a\u064a \u0628\u064a \u0644\u064a\u0646\u0643<\/td>\n<\/tr>\n<tr>\n<td>\u0646\u0645\u0648\u0630\u062c<\/td>\n<td>TP-Link Tapo RV20 Mop Plus<\/td>\n<\/tr>\n<tr>\n<td>\u0646\u0648\u0639 \u0627\u0644\u0645\u0646\u062a\u062c<\/td>\n<td>Robot Vacuum &amp; Mop With Smart Auto-Empty Dock<\/td>\n<\/tr>\n<tr>\n<td>Barrier-Cross Height<\/td>\n<td>20 mm\/0.79 in<\/td>\n<\/tr>\n<tr>\n<td>Suction Power of Auto-Empty Dock<\/td>\n<td>27000Pa<\/td>\n<\/tr>\n<tr>\n<td>Dust Bag Capacity<\/td>\n<td>4 L<\/td>\n<\/tr>\n<tr>\n<td>Max Suction Power<\/td>\n<td>2700 Pa<\/td>\n<\/tr>\n<tr>\n<td>Suction Level Adjustment<\/td>\n<td>4 levels<\/td>\n<\/tr>\n<tr>\n<td>Dustbin Capacity<\/td>\n<td>350 ml<\/td>\n<\/tr>\n<tr>\n<td>Noise<\/td>\n<td>53 dB (Quiet Mode), 55 dB (Default\/Standard)<\/td>\n<\/tr>\n<tr>\n<td>Water Tank Capacity<\/td>\n<td>300 ml<\/td>\n<\/tr>\n<tr>\n<td>Water Level Adjustment<\/td>\n<td>4 levels<\/td>\n<\/tr>\n<tr>\n<td>HEPA Filter<\/td>\n<td>H11<\/td>\n<\/tr>\n<tr>\n<td>Battery Capacity<\/td>\n<td>2600 mAh<\/td>\n<\/tr>\n<tr>\n<td>Wireless Connection<\/td>\n<td>IEEE 802.11 b\/g\/n, 2.4 GHz band only<\/p>\n<p>Bluetooth 4.2 (only for setup)<\/td>\n<\/tr>\n<tr>\n<td>Rated Input Voltage<\/td>\n<td>220-240 VAC, 50Hz<\/td>\n<\/tr>\n<tr>\n<td>Max Working Power Consumption<\/td>\n<td>Robot Vacuum: 45W, Auto-Empty Dock: 950W<\/td>\n<\/tr>\n<tr>\n<td>Max Charging Power Consumption<\/td>\n<td>12.6W(DC16.8V 750mA)<\/td>\n<\/tr>\n<tr>\n<td>\u0623\u0628\u0639\u0627\u062f<\/td>\n<td>Robot Vacuum: 342.6 \u00d7 342.2 \u00d7 78.5 mm, Auto-Empty Dock: 227 \u00d7 191.4 \u00d7 381.3 mm<\/td>\n<\/tr>\n<\/tbody>\n<\/table>","protected":false},"excerpt":{"rendered":"<ul>\n<li>Product Type: Robot Vacuum &amp; Mop With Smart Auto-Empty Dock<\/li>\n<li>Dust Bag Capacity: 4L<\/li>\n<li>Water Level Adjustment: 4 levels<\/li>\n<li>Battery Capacity: 2600mAh<\/li>\n<\/ul>","protected":false},"featured_media":18310,"comment_status":"open","ping_status":"closed","template":"","meta":[],"product_brand":[],"product_cat":[1213],"product_tag":[428],"class_list":{"0":"post-18309","1":"product","2":"type-product","3":"status-publish","4":"has-post-thumbnail","6":"product_cat-smart-devices-electronic-devices-accessories","7":"product_tag-tp-link","9":"first","10":"instock","11":"sale","12":"shipping-taxable","13":"purchasable","14":"product-type-simple"},"_links":{"self":[{"href":"https:\/\/products.kuwaitpos.com\/ar\/wp-json\/wp\/v2\/product\/18309","targetHints":{"allow":["GET"]}}],"collection":[{"href":"https:\/\/products.kuwaitpos.com\/ar\/wp-json\/wp\/v2\/product"}],"about":[{"href":"https:\/\/products.kuwaitpos.com\/ar\/wp-json\/wp\/v2\/types\/product"}],"replies":[{"embeddable":true,"href":"https:\/\/products.kuwaitpos.com\/ar\/wp-json\/wp\/v2\/comments?post=18309"}],"version-history":[{"count":1,"href":"https:\/\/products.kuwaitpos.com\/ar\/wp-json\/wp\/v2\/product\/18309\/revisions"}],"predecessor-version":[{"id":18318,"href":"https:\/\/products.kuwaitpos.com\/ar\/wp-json\/wp\/v2\/product\/18309\/revisions\/18318"}],"wp:featuredmedia":[{"embeddable":true,"href":"https:\/\/products.kuwaitpos.com\/ar\/wp-json\/wp\/v2\/media\/18310"}],"wp:attachment":[{"href":"https:\/\/products.kuwaitpos.com\/ar\/wp-json\/wp\/v2\/media?parent=18309"}],"wp:term":[{"taxonomy":"product_brand","embeddable":true,"href":"https:\/\/products.kuwaitpos.com\/ar\/wp-json\/wp\/v2\/product_brand?post=18309"},{"taxonomy":"product_cat","embeddable":true,"href":"https:\/\/products.kuwaitpos.com\/ar\/wp-json\/wp\/v2\/product_cat?post=18309"},{"taxonomy":"product_tag","embeddable":true,"href":"https:\/\/products.kuwaitpos.com\/ar\/wp-json\/wp\/v2\/product_tag?post=18309"}],"curies":[{"name":"wp","href":"https:\/\/api.w.org\/{rel}","templated":true}]}}