{"id":17885,"date":"2024-08-09T10:29:01","date_gmt":"2024-08-09T10:29:01","guid":{"rendered":"https:\/\/products.kuwaitpos.com\/?post_type=product&#038;p=17885"},"modified":"2025-02-04T13:27:29","modified_gmt":"2025-02-04T13:27:29","slug":"tp-link-eap773-be9300-ceiling-mount-tri-band-wi-fi-7-access-point-6ghz-5760-mbps-gigabit-lan","status":"publish","type":"product","link":"https:\/\/products.kuwaitpos.com\/ar\/product\/tp-link-eap773-be9300-ceiling-mount-tri-band-wi-fi-7-access-point-6ghz-5760-mbps-gigabit-lan\/","title":{"rendered":"TP-Link EAP773 (BE9300) Ceiling Mount Tri-Band Wi-Fi 7 Access Point &#8211; 6GHz (5760 Mbps) \/ Gigabit LAN"},"content":{"rendered":"<table style=\"border-collapse: collapse;width: 977px;height: 407px\" border=\"0\" width=\"621\" cellspacing=\"0\" cellpadding=\"0\">\n<tbody>\n<tr style=\"height: 17.25pt\">\n<td class=\"xl67\" style=\"height: 17.25pt;width: 187pt\" width=\"249\" height=\"23\">\u0645\u0627\u0631\u0643\u0629<\/td>\n<td class=\"xl65\" style=\"border-left: none;width: 279pt\" width=\"372\">\u062a\u064a \u0628\u064a \u0644\u064a\u0646\u0643<\/td>\n<\/tr>\n<tr style=\"height: 17.25pt\">\n<td class=\"xl66\" style=\"height: 17.25pt;border-top: none\" height=\"23\">\u0646\u0645\u0648\u0630\u062c<\/td>\n<td class=\"xl65\" style=\"border-top: none;border-left: none\">BE9300 Ceiling Mount Tri-Band Wi-Fi 7 Access Point<\/td>\n<\/tr>\n<tr style=\"height: 17.25pt\">\n<td class=\"xl66\" style=\"height: 17.25pt;border-top: none\" height=\"23\">\u0646\u0648\u0639 \u0627\u0644\u062c\u0647\u0627\u0632<\/td>\n<td class=\"xl65\" style=\"border-top: none;border-left: none\">Ceiling Mount Tri-Band Wi-Fi 7 Access Point<\/td>\n<\/tr>\n<tr style=\"height: 17.25pt\">\n<td class=\"xl66\" style=\"height: 17.25pt;border-top: none\" height=\"23\">\u0627\u0644\u0648\u0627\u062c\u0647\u0629<\/td>\n<td class=\"xl65\" style=\"border-top: none;border-left: none\">1\u00d7 10G Ethernet Port<\/td>\n<\/tr>\n<tr style=\"height: 17.25pt\">\n<td class=\"xl66\" style=\"height: 17.25pt;border-top: none\" height=\"23\">\u0632\u0631<\/td>\n<td class=\"xl65\" style=\"border-top: none;border-left: none\">Reset<\/td>\n<\/tr>\n<tr style=\"height: 17.25pt\">\n<td class=\"xl66\" style=\"height: 17.25pt;border-top: none\" height=\"23\">\u0647\u0648\u0627\u0626\u064a<\/td>\n<td class=\"xl65\" style=\"border-top: none;border-left: none\">6 GHz: 2\u00d7 3.0 dBi, 5 GHz: 2\u00d7 3.0 dBi, 2.4 GHz: 2\u00d7 3.0 dBi<\/td>\n<\/tr>\n<tr style=\"height: 17.25pt\">\n<td class=\"xl66\" style=\"height: 17.25pt;border-top: none\" height=\"23\">Wireless Standards<\/td>\n<td class=\"xl65\" style=\"border-top: none;border-left: none\">IEEE 802.11 a\/b\/g\/n\/ac\/ax\/be<\/td>\n<\/tr>\n<tr style=\"height: 17.25pt\">\n<td class=\"xl66\" style=\"height: 17.25pt;border-top: none\" height=\"23\">\u062a\u0643\u0631\u0627\u0631<\/td>\n<td class=\"xl65\" style=\"border-top: none;border-left: none\">6 GHz, 5 GHz, and 2.4 GHz<\/td>\n<\/tr>\n<tr style=\"height: 17.25pt\">\n<td class=\"xl66\" style=\"height: 17.25pt;border-top: none\" height=\"23\">WiFi Encryption<\/td>\n<td class=\"xl65\" style=\"border-top: none;border-left: none\">WPA-Personal, WPA2-Personal, WPA3-Personal<\/td>\n<\/tr>\n<tr style=\"height: 17.25pt\">\n<td class=\"xl66\" style=\"height: 17.25pt;border-top: none\" height=\"23\">Mounting<\/td>\n<td class=\"xl65\" style=\"border-top: none;border-left: none\">Ceiling \/ Wall Mounting<\/td>\n<\/tr>\n<tr style=\"height: 17.25pt\">\n<td class=\"xl66\" style=\"height: 17.25pt;border-top: none\" height=\"23\">Signal Rate<\/td>\n<td class=\"xl65\" style=\"border-top: none;border-left: none\">5760 Mbps (6 GHz) + 4320 Mbps (5 GHz) + 574 Mbps (2.4 GHz)<\/td>\n<\/tr>\n<tr>\n<td>Bluetooth<\/td>\n<td>1 \u00d7 4.0 dBi, Bluetooth 5.2, Firmware update may be required.<\/td>\n<\/tr>\n<tr style=\"height: 17.25pt\">\n<td class=\"xl66\" style=\"height: 17.25pt;border-top: none\" height=\"23\">Dimensions (W\u00d7D\u00d7H)<\/td>\n<td class=\"xl65\" style=\"border-top: none;border-left: none\">220 \u00d7 220 \u00d7 32.5 mm<\/td>\n<\/tr>\n<\/tbody>\n<\/table>","protected":false},"excerpt":{"rendered":"<section id=\"shopify-section-template--15788682412238__main\" class=\"shopify-section section\">\n<section id=\"MainProduct-template--15788682412238__main\" data-section=\"template--15788682412238__main\" data-product-handle=\"tp-link-eap773-be9300-ceiling-mount-tri-band-wi-fi-7-access-point-6ghz-5760-mbps-gigabit-lan\">\n<section class=\"top-spacing-medium page-wide product-page-section\">\n<div class=\"grid\">\n<div class=\"col-sp-12 col-st-6 product__right-column col-6 mobile-text-left\">\n<div id=\"ProductInfo-template--15788682412238__main\" class=\"mt--first-child-0 product__right-column-sticky\">\n<div class=\"short-desc\">\n<ul>\n<li>Device Type: Ceiling Mount Tri-Band Wi-Fi 7 Access Point<\/li>\n<li>\u0627\u0644\u0648\u0627\u062c\u0647\u0629: LAN<\/li>\n<li>Frequency: 6 GHz<\/li>\n<li>Wi-Fi Speed: 5760 Mbps<\/li>\n<\/ul>\n<\/div>\n<\/div>\n<\/div>\n<\/div>\n<\/section>\n<div class=\"page-wide sticky-cart\"><\/div>\n<\/section>\n<\/section>\n<section id=\"shopify-section-template--15788682412238__236adb70-8833-4730-ba31-dc49c11e58be\" class=\"shopify-section spaced-section\">\n<div class=\"top-spacing-normal page-wide\"><\/div>\n<\/section>","protected":false},"featured_media":17886,"comment_status":"open","ping_status":"closed","template":"","meta":[],"product_brand":[],"product_cat":[1223],"product_tag":[428],"class_list":{"0":"post-17885","1":"product","2":"type-product","3":"status-publish","4":"has-post-thumbnail","6":"product_cat-networking-devices","7":"product_tag-tp-link","9":"first","10":"instock","11":"sale","12":"shipping-taxable","13":"purchasable","14":"product-type-simple"},"_links":{"self":[{"href":"https:\/\/products.kuwaitpos.com\/ar\/wp-json\/wp\/v2\/product\/17885","targetHints":{"allow":["GET"]}}],"collection":[{"href":"https:\/\/products.kuwaitpos.com\/ar\/wp-json\/wp\/v2\/product"}],"about":[{"href":"https:\/\/products.kuwaitpos.com\/ar\/wp-json\/wp\/v2\/types\/product"}],"replies":[{"embeddable":true,"href":"https:\/\/products.kuwaitpos.com\/ar\/wp-json\/wp\/v2\/comments?post=17885"}],"version-history":[{"count":2,"href":"https:\/\/products.kuwaitpos.com\/ar\/wp-json\/wp\/v2\/product\/17885\/revisions"}],"predecessor-version":[{"id":28151,"href":"https:\/\/products.kuwaitpos.com\/ar\/wp-json\/wp\/v2\/product\/17885\/revisions\/28151"}],"wp:featuredmedia":[{"embeddable":true,"href":"https:\/\/products.kuwaitpos.com\/ar\/wp-json\/wp\/v2\/media\/17886"}],"wp:attachment":[{"href":"https:\/\/products.kuwaitpos.com\/ar\/wp-json\/wp\/v2\/media?parent=17885"}],"wp:term":[{"taxonomy":"product_brand","embeddable":true,"href":"https:\/\/products.kuwaitpos.com\/ar\/wp-json\/wp\/v2\/product_brand?post=17885"},{"taxonomy":"product_cat","embeddable":true,"href":"https:\/\/products.kuwaitpos.com\/ar\/wp-json\/wp\/v2\/product_cat?post=17885"},{"taxonomy":"product_tag","embeddable":true,"href":"https:\/\/products.kuwaitpos.com\/ar\/wp-json\/wp\/v2\/product_tag?post=17885"}],"curies":[{"name":"wp","href":"https:\/\/api.w.org\/{rel}","templated":true}]}}