{"id":17744,"date":"2024-08-09T05:52:58","date_gmt":"2024-08-09T05:52:58","guid":{"rendered":"https:\/\/products.kuwaitpos.com\/?post_type=product&#038;p=17744"},"modified":"2025-02-04T13:27:20","modified_gmt":"2025-02-04T13:27:20","slug":"ac1200-wireless-mu-mimo-vdsl-adsl-modem-router","status":"publish","type":"product","link":"https:\/\/products.kuwaitpos.com\/ar\/product\/ac1200-wireless-mu-mimo-vdsl-adsl-modem-router\/","title":{"rendered":"\u0631\u0627\u0648\u062a\u0631 \u0645\u0648\u062f\u0645 AC1200 \u0644\u0627\u0633\u0644\u0643\u064a MU-MIMO VDSL\/ADSL"},"content":{"rendered":"<table style=\"height: 512px\" width=\"925\">\n<thead>\n<tr id=\"tr_603\">\n<th colspan=\"2\"><a>HARDWARE FEATURES<\/a><\/th>\n<\/tr>\n<\/thead>\n<tbody>\n<tr id=\"tr_694\">\n<th width=\"35%\">\u0645\u0627\u0631\u0643\u0629<\/th>\n<td width=\"65%\">\u062a\u064a \u0628\u064a \u0644\u064a\u0646\u0643<\/td>\n<\/tr>\n<tr id=\"tr_695\">\n<th width=\"35%\">\u0632\u0631<\/th>\n<td width=\"65%\">WPS Button, Wi-Fi On\/Off Button, Reset Button<\/td>\n<\/tr>\n<tr id=\"tr_613\">\n<th width=\"35%\">External Power Supply<\/th>\n<td width=\"65%\">12V\/1A<\/td>\n<\/tr>\n<tr id=\"tr_1054\">\n<th width=\"35%\">IEEE Standards<\/th>\n<td width=\"65%\">IEEE 802.3, IEEE 802.3u, 802.3ab<\/td>\n<\/tr>\n<tr id=\"tr_3787\">\n<th width=\"35%\">VDSL2 Standards<\/th>\n<td width=\"65%\">ITU G.993.2, Up to 17a profile (POTS)<\/p>\n<p>ITU-T G.993.5 (G.vector)<\/p>\n<p>ITU-T G.998.4 (G.INP)<\/td>\n<\/tr>\n<tr id=\"tr_1055\">\n<th width=\"35%\">ADSL Standards<\/th>\n<td width=\"65%\">Full-rate ANSI T1.413 Issue 2,<\/p>\n<p>ITU-T G.992.1(G.DMT),<\/p>\n<p>ITU-T G.992.2(G.Lite),<\/p>\n<p>ITU-T G.994.1 (G.hs),<\/td>\n<\/tr>\n<tr id=\"tr_1088\">\n<th width=\"35%\">ADSL2 Standards<\/th>\n<td width=\"65%\">ITU-T G.992.3 (G.DMT.bis)<\/td>\n<\/tr>\n<tr id=\"tr_1089\">\n<th width=\"35%\">ADSL2+ Standards<\/th>\n<td width=\"65%\">ITU-T G.992.5<\/td>\n<\/tr>\n<tr id=\"tr_697\">\n<th width=\"35%\">Dimensions ( W x D x H )<\/th>\n<td width=\"65%\">8.5 \u00d7 4.9 \u00d7 1.2 in (215.6 \u00d7 124.6 \u00d7 31.6 mm)<\/td>\n<\/tr>\n<tr id=\"tr_1056\">\n<th width=\"35%\">\u0627\u0644\u0648\u0627\u062c\u0647\u0629<\/th>\n<td width=\"65%\">3\u00d7 10\/100\/1000Mbps RJ45 LAN Ports,<\/p>\n<p>1\u00d7 10\/100\/1000Mbps RJ45 WAN\/LAN Port,<\/p>\n<p>1\u00d7 RJ11 Port,<\/p>\n<p>1\u00d7 USB 2.0 Port<\/td>\n<\/tr>\n<\/tbody>\n<\/table>\n<table style=\"height: 239px\" width=\"930\">\n<thead>\n<tr id=\"tr_604\">\n<th colspan=\"2\"><a>WIRELESS FEATURES<\/a><\/th>\n<\/tr>\n<\/thead>\n<tbody>\n<tr id=\"tr_1058\">\n<th width=\"35%\">Wireless Standards<\/th>\n<td width=\"65%\">IEEE 802.11ac\/n\/a 5GHz, IEEE 802.11b\/g\/n 2.4GHz<\/td>\n<\/tr>\n<tr id=\"tr_698\">\n<th width=\"35%\">\u062a\u0643\u0631\u0627\u0631<\/th>\n<td width=\"65%\">2.4 GHz and 5 GHz<\/td>\n<\/tr>\n<tr id=\"tr_699\">\n<th width=\"35%\">Signal Rate<\/th>\n<td width=\"65%\">867Mbps at 5 GHz, 300Mbps at 2.4 GHz<\/td>\n<\/tr>\n<tr id=\"tr_703\">\n<th width=\"35%\">Wireless Functions<\/th>\n<td width=\"65%\">Enable\/Disable Wireless Radio, WMM, Wireless Statistics<\/td>\n<\/tr>\n<tr id=\"tr_704\">\n<th width=\"35%\">\u0627\u0644\u0623\u0645\u0646 \u0627\u0644\u0644\u0627\u0633\u0644\u0643\u064a<\/th>\n<td width=\"65%\">64\/128-bit WEP, WPA\/WPA2, WPA-PSK\/WPA2-PSK encryptions<\/td>\n<\/tr>\n<tr id=\"tr_2853\">\n<th width=\"35%\">\u0642\u0648\u0629 \u0627\u0644\u0646\u0642\u0644<\/th>\n<td width=\"65%\">&lt;20dBm (2.4 GHz), &lt;23dBm (5 GHz)<\/td>\n<\/tr>\n<tr id=\"tr_3776\">\n<th width=\"35%\">Wireless Schedule<\/th>\n<td width=\"65%\">Support 2.4 GHz and 5 GHz Wireless Schedule<\/td>\n<\/tr>\n<\/tbody>\n<\/table>","protected":false},"excerpt":{"rendered":"<ul>\n<li><b>Speedy WiFi\u00a0<\/b>\u2013 Experience superb wireless connections with 867 Mbps (5 GHz) + 300 Mbps (2.4 GHz) dual band WiFi<\/li>\n<li><b>Superior Range<\/b>\u00a0\u2013 Two fixed omnidirectional antennas with Beamforming technology provide stable wireless connections and optimal coverage<\/li>\n<li><b>MU-MIMO Technology\u00a0<\/b>\u2013 Simultaneously transfers data to multiple devices, reducing wait times<\/li>\n<li><b>Full Gigabit Ports\u00a0<\/b>\u2013 Take full advantage of broadband speeds up to 1 Gbps<\/li>\n<\/ul>","protected":false},"featured_media":17745,"comment_status":"open","ping_status":"closed","template":"","meta":[],"product_brand":[],"product_cat":[1223],"product_tag":[428],"class_list":{"0":"post-17744","1":"product","2":"type-product","3":"status-publish","4":"has-post-thumbnail","6":"product_cat-networking-devices","7":"product_tag-tp-link","9":"first","10":"instock","11":"sale","12":"shipping-taxable","13":"purchasable","14":"product-type-simple"},"_links":{"self":[{"href":"https:\/\/products.kuwaitpos.com\/ar\/wp-json\/wp\/v2\/product\/17744","targetHints":{"allow":["GET"]}}],"collection":[{"href":"https:\/\/products.kuwaitpos.com\/ar\/wp-json\/wp\/v2\/product"}],"about":[{"href":"https:\/\/products.kuwaitpos.com\/ar\/wp-json\/wp\/v2\/types\/product"}],"replies":[{"embeddable":true,"href":"https:\/\/products.kuwaitpos.com\/ar\/wp-json\/wp\/v2\/comments?post=17744"}],"version-history":[{"count":1,"href":"https:\/\/products.kuwaitpos.com\/ar\/wp-json\/wp\/v2\/product\/17744\/revisions"}],"predecessor-version":[{"id":17749,"href":"https:\/\/products.kuwaitpos.com\/ar\/wp-json\/wp\/v2\/product\/17744\/revisions\/17749"}],"wp:featuredmedia":[{"embeddable":true,"href":"https:\/\/products.kuwaitpos.com\/ar\/wp-json\/wp\/v2\/media\/17745"}],"wp:attachment":[{"href":"https:\/\/products.kuwaitpos.com\/ar\/wp-json\/wp\/v2\/media?parent=17744"}],"wp:term":[{"taxonomy":"product_brand","embeddable":true,"href":"https:\/\/products.kuwaitpos.com\/ar\/wp-json\/wp\/v2\/product_brand?post=17744"},{"taxonomy":"product_cat","embeddable":true,"href":"https:\/\/products.kuwaitpos.com\/ar\/wp-json\/wp\/v2\/product_cat?post=17744"},{"taxonomy":"product_tag","embeddable":true,"href":"https:\/\/products.kuwaitpos.com\/ar\/wp-json\/wp\/v2\/product_tag?post=17744"}],"curies":[{"name":"wp","href":"https:\/\/api.w.org\/{rel}","templated":true}]}}