{"id":17573,"date":"2024-08-08T08:25:52","date_gmt":"2024-08-08T08:25:52","guid":{"rendered":"https:\/\/products.kuwaitpos.com\/?post_type=product&#038;p=17573"},"modified":"2025-02-04T13:27:09","modified_gmt":"2025-02-04T13:27:09","slug":"ac750-wireless-dual-band-4g-lte-router","status":"publish","type":"product","link":"https:\/\/products.kuwaitpos.com\/ar\/product\/ac750-wireless-dual-band-4g-lte-router\/","title":{"rendered":"\u0631\u0627\u0648\u062a\u0631 AC750 4G LTE \u0644\u0627\u0633\u0644\u0643\u064a \u062b\u0646\u0627\u0626\u064a \u0627\u0644\u0646\u0637\u0627\u0642"},"content":{"rendered":"<table style=\"height: 199px\" width=\"851\">\n<tbody>\n<tr id=\"tr_694\">\n<th width=\"35%\">\u0645\u0627\u0631\u0643\u0629<\/th>\n<td width=\"65%\">\u062a\u064a \u0628\u064a \u0644\u064a\u0646\u0643<\/td>\n<\/tr>\n<tr id=\"tr_695\">\n<th width=\"35%\">\u0632\u0631<\/th>\n<td width=\"65%\">WPS\/RESET Button, Wi-Fi ON\/OFF Button<\/td>\n<\/tr>\n<tr id=\"tr_613\">\n<th width=\"35%\">External Power Supply<\/th>\n<td width=\"65%\">12V\/1A<\/td>\n<\/tr>\n<tr id=\"tr_697\">\n<th width=\"35%\">Dimensions ( W x D x H )<\/th>\n<td width=\"65%\">6.85 \u00d7 4.9 \u00d7 1.32 in (174 \u00d7 124.5 \u00d7 33.5 mm)<\/td>\n<\/tr>\n<tr id=\"tr_696\">\n<th width=\"35%\">\u0647\u0648\u0627\u0626\u064a<\/th>\n<td width=\"65%\">2 Detachable External 4G LTE Antennas<\/td>\n<\/tr>\n<\/tbody>\n<\/table>\n<table style=\"height: 649px\" width=\"853\">\n<thead>\n<tr id=\"tr_604\">\n<th colspan=\"2\"><\/th>\n<\/tr>\n<\/thead>\n<tbody>\n<tr id=\"tr_1058\">\n<th width=\"35%\">Wireless Standards<\/th>\n<td width=\"65%\">IEEE 802.11a\/n\/ac 5 GHz, IEEE 802.11b\/g\/n 2.4 GHz<\/td>\n<\/tr>\n<tr id=\"tr_698\">\n<th width=\"35%\">\u062a\u0643\u0631\u0627\u0631<\/th>\n<td width=\"65%\">2.4 GHz and 5 GHz<\/td>\n<\/tr>\n<tr id=\"tr_699\">\n<th width=\"35%\">Signal Rate<\/th>\n<td width=\"65%\">300 Mbps at 2.4 GHz, 433 Mbps at 5 GHz<\/td>\n<\/tr>\n<tr id=\"tr_701\">\n<th width=\"35%\">\u0627\u0644\u0648\u0627\u062c\u0647\u0629<\/th>\n<td width=\"65%\">\u00a03\u00d7 10\/100Mbps LAN Ports<\/p>\n<p>1\u00d7 10\/100Mbps LAN\/WAN Port<\/p>\n<p>1\u00d7 Nano SIM Card Slot<\/p>\n<p>2\u00d7 External SMA-F Antenna Interface<\/td>\n<\/tr>\n<tr id=\"tr_700\">\n<th width=\"35%\">Transmit Power<\/th>\n<td width=\"65%\">&lt; 20 dBm (2.4 GHz), &lt; 23 dBm (5 GHz)<\/td>\n<\/tr>\n<tr id=\"tr_703\">\n<th width=\"35%\">Wireless Functions<\/th>\n<td width=\"65%\">Enable\/Disable Wireless Radio, Wireless Schedule, WMM, Wireless<\/p>\n<p>Statistics<\/td>\n<\/tr>\n<tr id=\"tr_5907\">\n<th width=\"35%\">WAN Failover<\/th>\n<td width=\"65%\">\u0646\u0639\u0645<\/td>\n<\/tr>\n<tr id=\"tr_704\">\n<th width=\"35%\">\u0627\u0644\u0623\u0645\u0646 \u0627\u0644\u0644\u0627\u0633\u0644\u0643\u064a<\/th>\n<td width=\"65%\">64\/128-bit WEP, WPA\/WPA2, WPA-PSK\/WPA2-PSK encryptions<\/td>\n<\/tr>\n<tr id=\"tr_5229\">\n<th width=\"35%\">Guest Network<\/th>\n<td width=\"65%\">2.4GHz guest network x 1, 5GHz guest network x 1<\/td>\n<\/tr>\n<\/tbody>\n<\/table>","protected":false},"excerpt":{"rendered":"<ul>\n<li>Powerful, integrated antennas provide stable wireless connections and better coverage<\/li>\n<li>Requires no configuration, just insert a SIM card and turn it on to enjoy a fast wireless connection<\/li>\n<li>Creates simultaneous dual band Wi-Fi networks, with maximum speeds of up to 300 Mbps on the 2.4GHz band and 433 Mbps on the 5GHz band<\/li>\n<\/ul>","protected":false},"featured_media":17574,"comment_status":"open","ping_status":"closed","template":"","meta":[],"product_brand":[],"product_cat":[1213],"product_tag":[428],"class_list":{"0":"post-17573","1":"product","2":"type-product","3":"status-publish","4":"has-post-thumbnail","6":"product_cat-smart-devices-electronic-devices-accessories","7":"product_tag-tp-link","9":"first","10":"instock","11":"sale","12":"shipping-taxable","13":"purchasable","14":"product-type-simple"},"_links":{"self":[{"href":"https:\/\/products.kuwaitpos.com\/ar\/wp-json\/wp\/v2\/product\/17573","targetHints":{"allow":["GET"]}}],"collection":[{"href":"https:\/\/products.kuwaitpos.com\/ar\/wp-json\/wp\/v2\/product"}],"about":[{"href":"https:\/\/products.kuwaitpos.com\/ar\/wp-json\/wp\/v2\/types\/product"}],"replies":[{"embeddable":true,"href":"https:\/\/products.kuwaitpos.com\/ar\/wp-json\/wp\/v2\/comments?post=17573"}],"version-history":[{"count":3,"href":"https:\/\/products.kuwaitpos.com\/ar\/wp-json\/wp\/v2\/product\/17573\/revisions"}],"predecessor-version":[{"id":17584,"href":"https:\/\/products.kuwaitpos.com\/ar\/wp-json\/wp\/v2\/product\/17573\/revisions\/17584"}],"wp:featuredmedia":[{"embeddable":true,"href":"https:\/\/products.kuwaitpos.com\/ar\/wp-json\/wp\/v2\/media\/17574"}],"wp:attachment":[{"href":"https:\/\/products.kuwaitpos.com\/ar\/wp-json\/wp\/v2\/media?parent=17573"}],"wp:term":[{"taxonomy":"product_brand","embeddable":true,"href":"https:\/\/products.kuwaitpos.com\/ar\/wp-json\/wp\/v2\/product_brand?post=17573"},{"taxonomy":"product_cat","embeddable":true,"href":"https:\/\/products.kuwaitpos.com\/ar\/wp-json\/wp\/v2\/product_cat?post=17573"},{"taxonomy":"product_tag","embeddable":true,"href":"https:\/\/products.kuwaitpos.com\/ar\/wp-json\/wp\/v2\/product_tag?post=17573"}],"curies":[{"name":"wp","href":"https:\/\/api.w.org\/{rel}","templated":true}]}}