{"id":17513,"date":"2024-08-08T06:04:01","date_gmt":"2024-08-08T06:04:01","guid":{"rendered":"https:\/\/products.kuwaitpos.com\/?post_type=product&#038;p=17513"},"modified":"2025-02-04T13:27:05","modified_gmt":"2025-02-04T13:27:05","slug":"tp-link-tl-sg3452p-jetstream-52-port-gigabit-l2-managed-switch-with-48-port-poe-104-gbps-lan","status":"publish","type":"product","link":"https:\/\/products.kuwaitpos.com\/ar\/product\/tp-link-tl-sg3452p-jetstream-52-port-gigabit-l2-managed-switch-with-48-port-poe-104-gbps-lan\/","title":{"rendered":"TP-Link (TL-SG3452P) JetStream 52-Port Gigabit L2+ Managed Switch with 48-Port PoE+ &#8211; 104 Gbps \/ LAN"},"content":{"rendered":"<p>&nbsp;<\/p>\n<table style=\"height: 1499px\" border=\"0\" width=\"914\" cellspacing=\"0\" cellpadding=\"0\">\n<tbody>\n<tr>\n<td class=\"xl68\" width=\"134\" height=\"20\">\u0645\u0627\u0631\u0643\u0629<\/td>\n<td class=\"xl70\" width=\"145\">\u062a\u064a \u0628\u064a \u0644\u064a\u0646\u0643<\/td>\n<\/tr>\n<tr>\n<td class=\"xl68\" height=\"20\">\u0646\u0645\u0648\u0630\u062c<\/td>\n<td class=\"xl65\" dir=\"LTR\" width=\"166\" height=\"20\">TL-SG3452P<\/td>\n<\/tr>\n<tr>\n<td class=\"xl67\" height=\"25\">\u0646\u0648\u0639 \u0627\u0644\u062c\u0647\u0627\u0632<\/td>\n<td class=\"xl69\">52-Port Gigabit<\/td>\n<\/tr>\n<tr>\n<td class=\"xl67\" height=\"20\">Enclosure Type<\/td>\n<td class=\"xl69\">Desktop<\/td>\n<\/tr>\n<tr>\n<td class=\"xl67\" height=\"25\">Interfaces<\/td>\n<td class=\"xl71\">48\u00d7 10\/100\/1000 Mbps RJ45 Ports, 4\u00d7 Gigabit SFP Slots, 1\u00d7 RJ45 Console Port, 1\u00d7 Micro-USB Console Port<\/td>\n<\/tr>\n<tr>\n<td>PoE+ Ports(RJ45)<\/td>\n<td>Standard: 802.3at\/af, PoE+ Ports: 48 Ports, up to 30 W per port,<\/td>\n<\/tr>\n<tr>\n<td>Switching Capacity<\/td>\n<td>104 Gbps<\/td>\n<\/tr>\n<tr>\n<td>Packet Forwarding Rate<\/td>\n<td>77.4 Mpps<\/td>\n<\/tr>\n<tr>\n<td>MAC Address Table<\/td>\n<td>16 K<\/td>\n<\/tr>\n<tr>\n<td>Packet Buffer Memory<\/td>\n<td>12 Mbit<\/td>\n<\/tr>\n<tr>\n<td>Jumbo Frame<\/td>\n<td>9 KB<\/td>\n<\/tr>\n<tr>\n<td>L3 Features<\/td>\n<td>16 IPv4\/IPv6 Interfaces, Static Routing, Static ARP, 316 ARP Entries, Proxy ARP, Gratuitous ARP, \u00a0DHCP Server, DHCP Relay, DHCP L2 Relay<\/td>\n<\/tr>\n<tr>\n<td>L2 and L2+ Features<\/td>\n<td>Link Aggregation, Spanning Tree Protocol, Loopback Detection, Flow Control, Mirroring<\/td>\n<\/tr>\n<tr>\n<td class=\"xl67\" height=\"20\">L2 Multicast<\/td>\n<td class=\"xl69\">Supports 511 (IPv4, IPv6) IGMP groups, IGMP Authentication, MVR, MLD Snooping,<\/td>\n<\/tr>\n<tr>\n<td class=\"xl67\" height=\"20\">\u0645\u0632\u0648\u062f \u0627\u0644\u0637\u0627\u0642\u0629<\/td>\n<td class=\"xl69\">Obtain Power from 802.3af\/at\/bt PoE Source<\/td>\n<\/tr>\n<tr>\n<td>Advanced Features<\/td>\n<td>Automatic Device Discovery, Batch Firmware Upgrading, Intelligent Network Monitoring, Abnormal Event Warnings,<\/td>\n<\/tr>\n<tr>\n<td>VLAN<\/td>\n<td>VLAN Group, Protocol VLAN: Protocol Template 16, Protocol VLAN 16,<\/td>\n<\/tr>\n<tr>\n<td>\u0645\u062a\u0637\u0644\u0628\u0627\u062a \u0627\u0644\u0646\u0638\u0627\u0645<\/td>\n<td>Microsoft\u00ae Windows\u00ae 98SE, NT, 2000, XP, Vista\u2122 or Windows 7\/8\/10\/11, MAC\u00ae OS, NetWare\u00ae, UNIX\u00ae or Linux.<\/td>\n<\/tr>\n<tr>\n<td class=\"xl67\" height=\"20\">\u0627\u0644\u0628\u0639\u062f<\/td>\n<td class=\"xl69\">440 \u00d7 330 \u00d7 44 mm<\/td>\n<\/tr>\n<\/tbody>\n<\/table>","protected":false},"excerpt":{"rendered":"<p>The TP-Link TL-SG3452P JetStream 52-Port Gigabit L2+ Managed Switch features 48 PoE+ ports and 104 Gbps switching capacity, providing robust performance and advanced network management for large-scale LAN setups.<\/p>","protected":false},"featured_media":17514,"comment_status":"open","ping_status":"closed","template":"","meta":[],"product_brand":[],"product_cat":[1213],"product_tag":[428],"class_list":{"0":"post-17513","1":"product","2":"type-product","3":"status-publish","4":"has-post-thumbnail","6":"product_cat-smart-devices-electronic-devices-accessories","7":"product_tag-tp-link","9":"first","10":"instock","11":"sale","12":"shipping-taxable","13":"purchasable","14":"product-type-simple"},"_links":{"self":[{"href":"https:\/\/products.kuwaitpos.com\/ar\/wp-json\/wp\/v2\/product\/17513","targetHints":{"allow":["GET"]}}],"collection":[{"href":"https:\/\/products.kuwaitpos.com\/ar\/wp-json\/wp\/v2\/product"}],"about":[{"href":"https:\/\/products.kuwaitpos.com\/ar\/wp-json\/wp\/v2\/types\/product"}],"replies":[{"embeddable":true,"href":"https:\/\/products.kuwaitpos.com\/ar\/wp-json\/wp\/v2\/comments?post=17513"}],"version-history":[{"count":2,"href":"https:\/\/products.kuwaitpos.com\/ar\/wp-json\/wp\/v2\/product\/17513\/revisions"}],"predecessor-version":[{"id":28116,"href":"https:\/\/products.kuwaitpos.com\/ar\/wp-json\/wp\/v2\/product\/17513\/revisions\/28116"}],"wp:featuredmedia":[{"embeddable":true,"href":"https:\/\/products.kuwaitpos.com\/ar\/wp-json\/wp\/v2\/media\/17514"}],"wp:attachment":[{"href":"https:\/\/products.kuwaitpos.com\/ar\/wp-json\/wp\/v2\/media?parent=17513"}],"wp:term":[{"taxonomy":"product_brand","embeddable":true,"href":"https:\/\/products.kuwaitpos.com\/ar\/wp-json\/wp\/v2\/product_brand?post=17513"},{"taxonomy":"product_cat","embeddable":true,"href":"https:\/\/products.kuwaitpos.com\/ar\/wp-json\/wp\/v2\/product_cat?post=17513"},{"taxonomy":"product_tag","embeddable":true,"href":"https:\/\/products.kuwaitpos.com\/ar\/wp-json\/wp\/v2\/product_tag?post=17513"}],"curies":[{"name":"wp","href":"https:\/\/api.w.org\/{rel}","templated":true}]}}