{"id":16937,"date":"2024-04-01T11:10:37","date_gmt":"2024-04-01T11:10:37","guid":{"rendered":"https:\/\/products.kuwaitpos.com\/?post_type=product&#038;p=16937"},"modified":"2025-02-04T13:26:51","modified_gmt":"2025-02-04T13:26:51","slug":"fingerprint-time-attendance-system-zkteco-k40","status":"publish","type":"product","link":"https:\/\/products.kuwaitpos.com\/ar\/product\/fingerprint-time-attendance-system-zkteco-k40\/","title":{"rendered":"\u0646\u0638\u0627\u0645 \u0627\u0644\u062d\u0636\u0648\u0631 \u0648\u0627\u0644\u0627\u0646\u0635\u0631\u0627\u0641 \u0628\u0628\u0635\u0645\u0629 \u0627\u0644\u0623\u0635\u0628\u0639 Zkteco k40"},"content":{"rendered":"<h1 style=\"text-align: center\">\u0646\u0638\u0627\u0645 \u0627\u0644\u062d\u0636\u0648\u0631 \u0648\u0627\u0644\u0627\u0646\u0635\u0631\u0627\u0641 \u0628\u0628\u0635\u0645\u0629 \u0627\u0644\u0623\u0635\u0628\u0639 Zkteco k40<\/h1>\n<p><strong>\u0627\u0633\u0645 \u0627\u0644\u0645\u0646\u062a\u062c:<\/strong> Fingerprint Time Attendance System<\/p>\n<p><strong>\u0646\u0645\u0648\u0630\u062c:<\/strong> Zkteco k40<\/p>\n<p>Fingerprint Capacity: 1000(2000 without SSR)<\/p>\n<p>ID Card Capacity: 1000<\/p>\n<p>Record Capacity: 80,000<\/p>\n<p>Display: 2.8-inch TFT<\/p>\n<p>Communication: TCP\/IP, USB Host<\/p>\n<p>Software: ZKTime 5.0<\/p>\n<p>Power Supply: DC 12V 1.5A<\/p>\n<p>Dimension: 184 \u00d7 136 \u00d7 37.6 (Length \u00d7 Width \u00d7 Thickness)<\/p>\n<p>Cashback and offers available for this item<\/p>","protected":false},"excerpt":{"rendered":"<p>ZKteco K40 Fingerprint Time Attendance System is a biometric fingerprint reader for access control applications. It uses ZKTeco\u2019s latest firmware and user-friendly UI. Optimization of both hardware platform and firmware. Simple access control SSR report in Excel forms, Supports WDMS.<\/p>\n<p>&nbsp;<\/p>\n<p><strong>Get the best possible deal by giving us a call right now at +965 6902 8842<\/strong><\/p>","protected":false},"featured_media":17010,"comment_status":"open","ping_status":"closed","template":"","meta":[],"product_brand":[],"product_cat":[1220],"product_tag":[402,401],"class_list":{"0":"post-16937","1":"product","2":"type-product","3":"status-publish","4":"has-post-thumbnail","6":"product_cat-fingerprint-access-control","7":"product_tag-fingerprint-time-attendance-system","8":"product_tag-zkteco-k40","10":"first","11":"instock","12":"shipping-taxable","13":"purchasable","14":"product-type-simple"},"_links":{"self":[{"href":"https:\/\/products.kuwaitpos.com\/ar\/wp-json\/wp\/v2\/product\/16937","targetHints":{"allow":["GET"]}}],"collection":[{"href":"https:\/\/products.kuwaitpos.com\/ar\/wp-json\/wp\/v2\/product"}],"about":[{"href":"https:\/\/products.kuwaitpos.com\/ar\/wp-json\/wp\/v2\/types\/product"}],"replies":[{"embeddable":true,"href":"https:\/\/products.kuwaitpos.com\/ar\/wp-json\/wp\/v2\/comments?post=16937"}],"version-history":[{"count":4,"href":"https:\/\/products.kuwaitpos.com\/ar\/wp-json\/wp\/v2\/product\/16937\/revisions"}],"predecessor-version":[{"id":28059,"href":"https:\/\/products.kuwaitpos.com\/ar\/wp-json\/wp\/v2\/product\/16937\/revisions\/28059"}],"wp:featuredmedia":[{"embeddable":true,"href":"https:\/\/products.kuwaitpos.com\/ar\/wp-json\/wp\/v2\/media\/17010"}],"wp:attachment":[{"href":"https:\/\/products.kuwaitpos.com\/ar\/wp-json\/wp\/v2\/media?parent=16937"}],"wp:term":[{"taxonomy":"product_brand","embeddable":true,"href":"https:\/\/products.kuwaitpos.com\/ar\/wp-json\/wp\/v2\/product_brand?post=16937"},{"taxonomy":"product_cat","embeddable":true,"href":"https:\/\/products.kuwaitpos.com\/ar\/wp-json\/wp\/v2\/product_cat?post=16937"},{"taxonomy":"product_tag","embeddable":true,"href":"https:\/\/products.kuwaitpos.com\/ar\/wp-json\/wp\/v2\/product_tag?post=16937"}],"curies":[{"name":"wp","href":"https:\/\/api.w.org\/{rel}","templated":true}]}}